{"id":932,"date":"2024-07-23T18:18:58","date_gmt":"2024-07-23T18:18:58","guid":{"rendered":"https:\/\/nksf2025.is\/?page_id=932"},"modified":"2025-05-07T22:05:45","modified_gmt":"2025-05-07T22:05:45","slug":"concerts-and-events","status":"publish","type":"page","link":"https:\/\/nksf2025.is\/nb\/concerts-and-events\/","title":{"rendered":"Konserter og arrangementer"},"content":{"rendered":"<div data-elementor-type=\"wp-page\" data-elementor-id=\"932\" class=\"elementor elementor-932\" data-elementor-post-type=\"page\">\n\t\t\t\t<div class=\"elementor-element elementor-element-67e3d06 e-flex e-con-boxed e-con e-parent\" data-id=\"67e3d06\" data-element_type=\"container\">\n\t\t\t\t\t<div class=\"e-con-inner\">\n\t\t\t\t<div class=\"elementor-element elementor-element-6d70971 elementor-widget elementor-widget-text-editor\" data-id=\"6d70971\" data-element_type=\"widget\" data-widget_type=\"text-editor.default\">\n\t\t\t\t<div class=\"elementor-widget-container\">\n\t\t\t\t\t\t\t<p>\u00a0<\/p><p><span style=\"font-weight: 400;\">I l\u00f8pet av de fire festivaldagene vil Nordisk kirkekorfestival 2025 inneholde en rekke konserter og arrangementer. Nedenfor finner du mer informasjon om konsertene, aktivitetene og forumene under \u00e5rets festival.<\/span><\/p>\t\t\t\t\t\t<\/div>\n\t\t\t\t<\/div>\n\t\t\t\t<div class=\"elementor-element elementor-element-dcd0406 elementor-widget elementor-widget-image\" data-id=\"dcd0406\" data-element_type=\"widget\" data-widget_type=\"image.default\">\n\t\t\t\t<div class=\"elementor-widget-container\">\n\t\t\t\t\t\t\t\t\t\t\t\t\t<img fetchpriority=\"high\" decoding=\"async\" width=\"800\" height=\"534\" src=\"https:\/\/nksf2025.is\/wp-content\/uploads\/2024\/08\/HH1543-copy-1024x683.jpg\" class=\"attachment-large size-large wp-image-1240\" alt=\"\" srcset=\"https:\/\/nksf2025.is\/wp-content\/uploads\/2024\/08\/HH1543-copy-1024x683.jpg 1024w, https:\/\/nksf2025.is\/wp-content\/uploads\/2024\/08\/HH1543-copy-300x200.jpg 300w, https:\/\/nksf2025.is\/wp-content\/uploads\/2024\/08\/HH1543-copy-768x512.jpg 768w, https:\/\/nksf2025.is\/wp-content\/uploads\/2024\/08\/HH1543-copy-1536x1024.jpg 1536w, https:\/\/nksf2025.is\/wp-content\/uploads\/2024\/08\/HH1543-copy-2048x1365.jpg 2048w\" sizes=\"(max-width: 800px) 100vw, 800px\" \/>\t\t\t\t\t\t\t\t\t\t\t\t\t<\/div>\n\t\t\t\t<\/div>\n\t\t\t\t<div class=\"elementor-element elementor-element-c21bfe2 elementor-widget elementor-widget-toggle\" data-id=\"c21bfe2\" data-element_type=\"widget\" data-widget_type=\"toggle.default\">\n\t\t\t\t<div class=\"elementor-widget-container\">\n\t\t\t\t\t<div class=\"elementor-toggle\">\n\t\t\t\t\t\t\t<div class=\"elementor-toggle-item\">\n\t\t\t\t\t<div id=\"elementor-tab-title-2031\" class=\"elementor-tab-title\" data-tab=\"1\" role=\"button\" aria-controls=\"elementor-tab-content-2031\" aria-expanded=\"false\">\n\t\t\t\t\t\t\t\t\t\t\t\t<span class=\"elementor-toggle-icon elementor-toggle-icon-left\" aria-hidden=\"true\">\n\t\t\t\t\t\t\t\t\t\t\t\t\t\t\t<span class=\"elementor-toggle-icon-closed\"><svg class=\"e-font-icon-svg e-fas-caret-right\" viewbox=\"0 0 192 512\" xmlns=\"http:\/\/www.w3.org\/2000\/svg\"><path d=\"M0 384.662V127.338c0-17.818 21.543-26.741 34.142-14.142l128.662 128.662c7.81 7.81 7.81 20.474 0 28.284L34.142 398.804C21.543 411.404 0 402.48 0 384.662z\"><\/path><\/svg><\/span>\n\t\t\t\t\t\t\t\t<span class=\"elementor-toggle-icon-opened\"><svg class=\"elementor-toggle-icon-opened e-font-icon-svg e-fas-caret-up\" viewbox=\"0 0 320 512\" xmlns=\"http:\/\/www.w3.org\/2000\/svg\"><path d=\"M288.662 352H31.338c-17.818 0-26.741-21.543-14.142-34.142l128.662-128.662c7.81-7.81 20.474-7.81 28.284 0l128.662 128.662c12.6 12.599 3.676 34.142-14.142 34.142z\"><\/path><\/svg><\/span>\n\t\t\t\t\t\t\t\t\t\t\t\t\t<\/span>\n\t\t\t\t\t\t\t\t\t\t\t\t<a class=\"elementor-toggle-title\" tabindex=\"0\">29. mai - \u00c5pningskonsert<\/a>\n\t\t\t\t\t<\/div>\n\n\t\t\t\t\t<div id=\"elementor-tab-content-2031\" class=\"elementor-tab-content elementor-clearfix\" data-tab=\"1\" role=\"region\" aria-labelledby=\"elementor-tab-title-2031\"><h6><b>Torsdag 29. mai 2025<br \/>Tid: 20:00<\/b><br \/><b>Beliggenhet: \u00a0<\/b><span style=\"font-weight: bold; color: #333399;\"><a style=\"color: #333399;\" href=\"https:\/\/nksf2025.is\/nb\/venue\/\">Hallgr\u00edmskirkja kirke<\/a><\/span><\/h6><p>P\u00e5 \u00e5pningskonserten vil to av Islands mest fremtredende blandede kor, Hallgr\u00edmskirkja-koret og Langholtskirkja-koret, presentere et program med noe av Islands beste kormusikk.<\/p><p><span style=\"font-weight: 400;\">Den<\/span> <u><b>Koret i Hallgr\u00edmskirkja<\/b><\/u> <span style=\"font-weight: 400;\">ble grunnlagt h\u00f8sten 2021. Koret best\u00e5r av rundt 55 sangere som synger b\u00e5de i gudstjenester og konserter i Hallgr\u00edmskirkja. Koret har et bredt repertoar og har lagt vekt p\u00e5 \u00e5 fremme ny islandsk kormusikk. Hallgr\u00edmskirkja-koret har bestilt og urfremf\u00f8rt 11 nye verk av islandske komponister siden det ble stiftet. Koret har opptr\u00e5dt med Islands symfoniorkester og har et fruktbart samarbeid med Br\u00e1k Baroque Ensemble og Reykjav\u00edk kammerorkester. Steinar Logi Helgason er dirigent for Hallgr\u00edmskirkjas kor.<\/span><\/p><p><strong><span style=\"text-decoration: underline;\">Bj\u00f6rn Steinar S\u00f3lbergsson<\/span><\/strong>, organist og musikksjef ved Hallgr\u00edmskirkja - Reykjav\u00edk, ble f\u00f8dt i Akranes, vest p\u00e5 Island i 1961. I 1981 fullf\u00f8rte han sine studier ved Statens kirkemusikkskole, med orgel som hovedfag, f\u00f8r han studerte et \u00e5r i<br \/>Roma sammen med James E. Go\u00ebttsche. Bj\u00f6rn Steinar flyttet deretter til Frankrike, hvor han studerte<br \/>med Susan Landale ved Conservatoire National de Musique de Rueil Malmaison og<br \/>mottok Prix de Virtuosit\u00e9 sommeren 1986.<br \/>Samme \u00e5r ble han utnevnt til organist i Akureyri kirke p\u00e5 Nord-Island, hvor han<br \/>ble sv\u00e6rt aktiv i musikklivet i Akureyri.<\/p><p>H\u00f8sten 2006 ble han utnevnt til organist i Hallgr\u00edmskirken i Reykjav\u00edk. Han underviser ogs\u00e5 i orgel ved Den nasjonale kirkemusikkskolen i Reykjav\u00edk og ved Islands kunstuniversitet.<br \/>Bj\u00f6rn Steinar spiller orgelmusikk fra alle perioder samt islandsk orgelmusikk og<br \/>arrangementer av skandinaviske folkesanger og danser.<br \/>Hans innspillinger av orgel- og kormusikk er utgitt p\u00e5 flere CD-er og<br \/>sendt p\u00e5 islandsk statlig radio og TV.<br \/>Han mottok DVs kulturpris for 1999, den islandske optimismeprisen i 2001 og<br \/>og han er \u00c5rets Akureyri Artist 2002. Artisthonorar i 1999 og 2015.<br \/>Bj\u00f6rn Steinar har gitt konserter over hele Europa, i USA, Canada og alle skandinaviske land.<br \/>og opptr\u00e5dt som solist med det islandske symfoniorkesteret, det islandske<br \/>Akureyri kammerorkester, Stavanger Symfoniorkester og Cleveland Institute<br \/>av musikkorkesteret. \u00a0<\/p><p><span style=\"font-weight: 400;\"><br \/><a href=\"https:\/\/nksf2025.is\/wp-content\/uploads\/2025\/05\/Bjorn-steinar.png\"><img decoding=\"async\" class=\"alignnone size-medium wp-image-1445\" src=\"https:\/\/nksf2025.is\/wp-content\/uploads\/2025\/05\/Bjorn-steinar-300x300.png\" alt=\"\" width=\"300\" height=\"300\" srcset=\"https:\/\/nksf2025.is\/wp-content\/uploads\/2025\/05\/Bjorn-steinar-300x300.png 300w, https:\/\/nksf2025.is\/wp-content\/uploads\/2025\/05\/Bjorn-steinar-150x150.png 150w, https:\/\/nksf2025.is\/wp-content\/uploads\/2025\/05\/Bjorn-steinar-768x768.png 768w, https:\/\/nksf2025.is\/wp-content\/uploads\/2025\/05\/Bjorn-steinar-12x12.png 12w, https:\/\/nksf2025.is\/wp-content\/uploads\/2025\/05\/Bjorn-steinar.png 786w\" sizes=\"(max-width: 300px) 100vw, 300px\" \/><\/a><br \/><\/span><\/p><p><img decoding=\"async\" class=\"alignnone size-medium wp-image-1245\" src=\"https:\/\/nksf2025.is\/wp-content\/uploads\/2024\/08\/SPS-KorHallgrimskirkjujpg-1-300x200.jpg\" alt=\"K\u00f3r Hallgr\u00edmskirkju\" width=\"300\" height=\"200\" srcset=\"https:\/\/nksf2025.is\/wp-content\/uploads\/2024\/08\/SPS-KorHallgrimskirkjujpg-1-300x200.jpg 300w, https:\/\/nksf2025.is\/wp-content\/uploads\/2024\/08\/SPS-KorHallgrimskirkjujpg-1-1024x683.jpg 1024w, https:\/\/nksf2025.is\/wp-content\/uploads\/2024\/08\/SPS-KorHallgrimskirkjujpg-1-768x512.jpg 768w, https:\/\/nksf2025.is\/wp-content\/uploads\/2024\/08\/SPS-KorHallgrimskirkjujpg-1-1536x1024.jpg 1536w, https:\/\/nksf2025.is\/wp-content\/uploads\/2024\/08\/SPS-KorHallgrimskirkjujpg-1-2048x1365.jpg 2048w\" sizes=\"(max-width: 300px) 100vw, 300px\" \/><\/p><\/div>\n\t\t\t\t<\/div>\n\t\t\t\t\t\t\t<div class=\"elementor-toggle-item\">\n\t\t\t\t\t<div id=\"elementor-tab-title-2032\" class=\"elementor-tab-title\" data-tab=\"2\" role=\"button\" aria-controls=\"elementor-tab-content-2032\" aria-expanded=\"false\">\n\t\t\t\t\t\t\t\t\t\t\t\t<span class=\"elementor-toggle-icon elementor-toggle-icon-left\" aria-hidden=\"true\">\n\t\t\t\t\t\t\t\t\t\t\t\t\t\t\t<span class=\"elementor-toggle-icon-closed\"><svg class=\"e-font-icon-svg e-fas-caret-right\" viewbox=\"0 0 192 512\" xmlns=\"http:\/\/www.w3.org\/2000\/svg\"><path d=\"M0 384.662V127.338c0-17.818 21.543-26.741 34.142-14.142l128.662 128.662c7.81 7.81 7.81 20.474 0 28.284L34.142 398.804C21.543 411.404 0 402.48 0 384.662z\"><\/path><\/svg><\/span>\n\t\t\t\t\t\t\t\t<span class=\"elementor-toggle-icon-opened\"><svg class=\"elementor-toggle-icon-opened e-font-icon-svg e-fas-caret-up\" viewbox=\"0 0 320 512\" xmlns=\"http:\/\/www.w3.org\/2000\/svg\"><path d=\"M288.662 352H31.338c-17.818 0-26.741-21.543-14.142-34.142l128.662-128.662c7.81-7.81 20.474-7.81 28.284 0l128.662 128.662c12.6 12.599 3.676 34.142-14.142 34.142z\"><\/path><\/svg><\/span>\n\t\t\t\t\t\t\t\t\t\t\t\t\t<\/span>\n\t\t\t\t\t\t\t\t\t\t\t\t<a class=\"elementor-toggle-title\" tabindex=\"0\">30. mai - Morgenb\u00f8nn<\/a>\n\t\t\t\t\t<\/div>\n\n\t\t\t\t\t<div id=\"elementor-tab-content-2032\" class=\"elementor-tab-content elementor-clearfix\" data-tab=\"2\" role=\"region\" aria-labelledby=\"elementor-tab-title-2032\"><p><b>Fredag 30. mai 2025<br \/>Tid: 8:30\u00a0<br \/>Beliggenhet:\u00a0 <span style=\"text-decoration: underline; color: #000080;\"><a style=\"color: #000080; text-decoration: underline;\" href=\"https:\/\/nksf2025.is\/nb\/venue\/\" target=\"_blank\" rel=\"noopener\">Hallgr\u00edmskirkja kirke<\/a><\/span><br \/>\"Laudes\" gregoriansk sang med Schola Solensis - Norge<\/b><\/p><p><span style=\"font-weight: 400;\">Be en morgenb\u00f8nn for \u00e5 begynne dagen. B\u00f8nnen fredag morgen ledes av deltakere fra Norge og vil v\u00e6re i stilen plainchant.<\/span><\/p><p><img loading=\"lazy\" decoding=\"async\" class=\"alignnone size-medium wp-image-1247\" src=\"https:\/\/nksf2025.is\/wp-content\/uploads\/2024\/08\/Schola-Solensis-300x200.jpeg\" alt=\"Schola Solensis\" width=\"300\" height=\"200\" srcset=\"https:\/\/nksf2025.is\/wp-content\/uploads\/2024\/08\/Schola-Solensis-300x200.jpeg 300w, https:\/\/nksf2025.is\/wp-content\/uploads\/2024\/08\/Schola-Solensis-1024x683.jpeg 1024w, https:\/\/nksf2025.is\/wp-content\/uploads\/2024\/08\/Schola-Solensis-768x512.jpeg 768w, https:\/\/nksf2025.is\/wp-content\/uploads\/2024\/08\/Schola-Solensis.jpeg 1500w\" sizes=\"(max-width: 300px) 100vw, 300px\" \/><\/p><\/div>\n\t\t\t\t<\/div>\n\t\t\t\t\t\t\t<div class=\"elementor-toggle-item\">\n\t\t\t\t\t<div id=\"elementor-tab-title-2033\" class=\"elementor-tab-title\" data-tab=\"3\" role=\"button\" aria-controls=\"elementor-tab-content-2033\" aria-expanded=\"false\">\n\t\t\t\t\t\t\t\t\t\t\t\t<span class=\"elementor-toggle-icon elementor-toggle-icon-left\" aria-hidden=\"true\">\n\t\t\t\t\t\t\t\t\t\t\t\t\t\t\t<span class=\"elementor-toggle-icon-closed\"><svg class=\"e-font-icon-svg e-fas-caret-right\" viewbox=\"0 0 192 512\" xmlns=\"http:\/\/www.w3.org\/2000\/svg\"><path d=\"M0 384.662V127.338c0-17.818 21.543-26.741 34.142-14.142l128.662 128.662c7.81 7.81 7.81 20.474 0 28.284L34.142 398.804C21.543 411.404 0 402.48 0 384.662z\"><\/path><\/svg><\/span>\n\t\t\t\t\t\t\t\t<span class=\"elementor-toggle-icon-opened\"><svg class=\"elementor-toggle-icon-opened e-font-icon-svg e-fas-caret-up\" viewbox=\"0 0 320 512\" xmlns=\"http:\/\/www.w3.org\/2000\/svg\"><path d=\"M288.662 352H31.338c-17.818 0-26.741-21.543-14.142-34.142l128.662-128.662c7.81-7.81 20.474-7.81 28.284 0l128.662 128.662c12.6 12.599 3.676 34.142-14.142 34.142z\"><\/path><\/svg><\/span>\n\t\t\t\t\t\t\t\t\t\t\t\t\t<\/span>\n\t\t\t\t\t\t\t\t\t\t\t\t<a class=\"elementor-toggle-title\" tabindex=\"0\">30. mai - Festivalkonsert <\/a>\n\t\t\t\t\t<\/div>\n\n\t\t\t\t\t<div id=\"elementor-tab-content-2033\" class=\"elementor-tab-content elementor-clearfix\" data-tab=\"3\" role=\"region\" aria-labelledby=\"elementor-tab-title-2033\"><p><b>Fredag 30. mai 2025<br \/><\/b><b>Tid: 20:00<br \/><\/b><b>Beliggenhet: <span style=\"text-decoration: underline; color: #000080;\"><a style=\"color: #000080;\" href=\"https:\/\/nksf2025.is\/nb\/venue\/\" target=\"_blank\" rel=\"noopener\">Hallgr\u00edmskirkja kirke<\/a><\/span><\/b><\/p><p>I denne konserten fremf\u00f8rer de deltakende korene et variert repertoar:<\/p><p>Sankta Helena kyrkok\u00f6r<br \/>Slettebakken motettkor, Udlandskoret og Cantus Skjold<br \/>Sct. Severin kirkes kor<br \/>Helsinki Gospel<\/p><p>.<\/p><p><img loading=\"lazy\" decoding=\"async\" class=\"alignnone size-medium wp-image-1254 alignleft\" src=\"https:\/\/nksf2025.is\/wp-content\/uploads\/2024\/08\/HH2236-copy-1-300x223.jpg\" alt=\"\" width=\"300\" height=\"223\" srcset=\"https:\/\/nksf2025.is\/wp-content\/uploads\/2024\/08\/HH2236-copy-1-300x223.jpg 300w, https:\/\/nksf2025.is\/wp-content\/uploads\/2024\/08\/HH2236-copy-1-1024x760.jpg 1024w, https:\/\/nksf2025.is\/wp-content\/uploads\/2024\/08\/HH2236-copy-1-768x570.jpg 768w, https:\/\/nksf2025.is\/wp-content\/uploads\/2024\/08\/HH2236-copy-1-1536x1140.jpg 1536w, https:\/\/nksf2025.is\/wp-content\/uploads\/2024\/08\/HH2236-copy-1-2048x1520.jpg 2048w\" sizes=\"(max-width: 300px) 100vw, 300px\" \/>\u00a0<\/p><\/div>\n\t\t\t\t<\/div>\n\t\t\t\t\t\t\t<div class=\"elementor-toggle-item\">\n\t\t\t\t\t<div id=\"elementor-tab-title-2034\" class=\"elementor-tab-title\" data-tab=\"4\" role=\"button\" aria-controls=\"elementor-tab-content-2034\" aria-expanded=\"false\">\n\t\t\t\t\t\t\t\t\t\t\t\t<span class=\"elementor-toggle-icon elementor-toggle-icon-left\" aria-hidden=\"true\">\n\t\t\t\t\t\t\t\t\t\t\t\t\t\t\t<span class=\"elementor-toggle-icon-closed\"><svg class=\"e-font-icon-svg e-fas-caret-right\" viewbox=\"0 0 192 512\" xmlns=\"http:\/\/www.w3.org\/2000\/svg\"><path d=\"M0 384.662V127.338c0-17.818 21.543-26.741 34.142-14.142l128.662 128.662c7.81 7.81 7.81 20.474 0 28.284L34.142 398.804C21.543 411.404 0 402.48 0 384.662z\"><\/path><\/svg><\/span>\n\t\t\t\t\t\t\t\t<span class=\"elementor-toggle-icon-opened\"><svg class=\"elementor-toggle-icon-opened e-font-icon-svg e-fas-caret-up\" viewbox=\"0 0 320 512\" xmlns=\"http:\/\/www.w3.org\/2000\/svg\"><path d=\"M288.662 352H31.338c-17.818 0-26.741-21.543-14.142-34.142l128.662-128.662c7.81-7.81 20.474-7.81 28.284 0l128.662 128.662c12.6 12.599 3.676 34.142-14.142 34.142z\"><\/path><\/svg><\/span>\n\t\t\t\t\t\t\t\t\t\t\t\t\t<\/span>\n\t\t\t\t\t\t\t\t\t\t\t\t<a class=\"elementor-toggle-title\" tabindex=\"0\">31. mai - Morgenb\u00f8nn<\/a>\n\t\t\t\t\t<\/div>\n\n\t\t\t\t\t<div id=\"elementor-tab-content-2034\" class=\"elementor-tab-content elementor-clearfix\" data-tab=\"4\" role=\"region\" aria-labelledby=\"elementor-tab-title-2034\"><p><b>L\u00f8rdag 31. mai 2025<br \/><\/b><b>Tid: 8:30<br \/><\/b><b>Beliggenhet:\u00a0<span style=\"text-decoration: underline; color: #000080;\"><a style=\"color: #000080; text-decoration: underline;\" href=\"https:\/\/nksf2025.is\/nb\/venue\/\" target=\"_blank\" rel=\"noopener\"> Hallgr\u00edmskirkja kirke<\/a><\/span><br \/><\/b><b>Ledet av gruppen<\/b><b><i> Force Machaut<\/i><\/b><b> fra \u00c5lands\u00f8yene<\/b><\/p><p><img loading=\"lazy\" decoding=\"async\" class=\"alignnone size-medium wp-image-1255\" src=\"https:\/\/nksf2025.is\/wp-content\/uploads\/2024\/08\/Force-Machaut-300x225.jpeg\" alt=\"\" width=\"300\" height=\"225\" srcset=\"https:\/\/nksf2025.is\/wp-content\/uploads\/2024\/08\/Force-Machaut-300x225.jpeg 300w, https:\/\/nksf2025.is\/wp-content\/uploads\/2024\/08\/Force-Machaut-1024x768.jpeg 1024w, https:\/\/nksf2025.is\/wp-content\/uploads\/2024\/08\/Force-Machaut-768x576.jpeg 768w, https:\/\/nksf2025.is\/wp-content\/uploads\/2024\/08\/Force-Machaut-1536x1152.jpeg 1536w, https:\/\/nksf2025.is\/wp-content\/uploads\/2024\/08\/Force-Machaut.jpeg 2048w\" sizes=\"(max-width: 300px) 100vw, 300px\" \/><\/p><\/div>\n\t\t\t\t<\/div>\n\t\t\t\t\t\t\t<div class=\"elementor-toggle-item\">\n\t\t\t\t\t<div id=\"elementor-tab-title-2035\" class=\"elementor-tab-title\" data-tab=\"5\" role=\"button\" aria-controls=\"elementor-tab-content-2035\" aria-expanded=\"false\">\n\t\t\t\t\t\t\t\t\t\t\t\t<span class=\"elementor-toggle-icon elementor-toggle-icon-left\" aria-hidden=\"true\">\n\t\t\t\t\t\t\t\t\t\t\t\t\t\t\t<span class=\"elementor-toggle-icon-closed\"><svg class=\"e-font-icon-svg e-fas-caret-right\" viewbox=\"0 0 192 512\" xmlns=\"http:\/\/www.w3.org\/2000\/svg\"><path d=\"M0 384.662V127.338c0-17.818 21.543-26.741 34.142-14.142l128.662 128.662c7.81 7.81 7.81 20.474 0 28.284L34.142 398.804C21.543 411.404 0 402.48 0 384.662z\"><\/path><\/svg><\/span>\n\t\t\t\t\t\t\t\t<span class=\"elementor-toggle-icon-opened\"><svg class=\"elementor-toggle-icon-opened e-font-icon-svg e-fas-caret-up\" viewbox=\"0 0 320 512\" xmlns=\"http:\/\/www.w3.org\/2000\/svg\"><path d=\"M288.662 352H31.338c-17.818 0-26.741-21.543-14.142-34.142l128.662-128.662c7.81-7.81 20.474-7.81 28.284 0l128.662 128.662c12.6 12.599 3.676 34.142-14.142 34.142z\"><\/path><\/svg><\/span>\n\t\t\t\t\t\t\t\t\t\t\t\t\t<\/span>\n\t\t\t\t\t\t\t\t\t\t\t\t<a class=\"elementor-toggle-title\" tabindex=\"0\">31. mai - Verkstedkonsert<\/a>\n\t\t\t\t\t<\/div>\n\n\t\t\t\t\t<div id=\"elementor-tab-content-2035\" class=\"elementor-tab-content elementor-clearfix\" data-tab=\"5\" role=\"region\" aria-labelledby=\"elementor-tab-title-2035\"><p><b>L\u00f8rdag 31. mai 2025<br \/>Tid: 17:00<br \/>Beliggenhet: <span style=\"text-decoration: underline; color: #000080;\"><a style=\"color: #000080;\" href=\"https:\/\/nksf2025.is\/nb\/venue\/\" target=\"_blank\" rel=\"noopener\">Hallgr\u00edmskirkja kirke<\/a><\/span><\/b><\/p><p><span style=\"font-weight: 400;\">Under denne konserten vil deltakerne presentere og fremf\u00f8re musikk som de har \u00f8vd inn i l\u00f8pet av workshopene.<br \/><\/span><\/p><p><span style=\"color: #000000;\">Konserten vil vise en stor variasjon i moderne nordisk kirkemusikk.<\/span><\/p><p><span style=\"font-weight: 400;\">\u00a0\u00a0<\/span><\/p><\/div>\n\t\t\t\t<\/div>\n\t\t\t\t\t\t\t<div class=\"elementor-toggle-item\">\n\t\t\t\t\t<div id=\"elementor-tab-title-2036\" class=\"elementor-tab-title\" data-tab=\"6\" role=\"button\" aria-controls=\"elementor-tab-content-2036\" aria-expanded=\"false\">\n\t\t\t\t\t\t\t\t\t\t\t\t<span class=\"elementor-toggle-icon elementor-toggle-icon-left\" aria-hidden=\"true\">\n\t\t\t\t\t\t\t\t\t\t\t\t\t\t\t<span class=\"elementor-toggle-icon-closed\"><svg class=\"e-font-icon-svg e-fas-caret-right\" viewbox=\"0 0 192 512\" xmlns=\"http:\/\/www.w3.org\/2000\/svg\"><path d=\"M0 384.662V127.338c0-17.818 21.543-26.741 34.142-14.142l128.662 128.662c7.81 7.81 7.81 20.474 0 28.284L34.142 398.804C21.543 411.404 0 402.48 0 384.662z\"><\/path><\/svg><\/span>\n\t\t\t\t\t\t\t\t<span class=\"elementor-toggle-icon-opened\"><svg class=\"elementor-toggle-icon-opened e-font-icon-svg e-fas-caret-up\" viewbox=\"0 0 320 512\" xmlns=\"http:\/\/www.w3.org\/2000\/svg\"><path d=\"M288.662 352H31.338c-17.818 0-26.741-21.543-14.142-34.142l128.662-128.662c7.81-7.81 20.474-7.81 28.284 0l128.662 128.662c12.6 12.599 3.676 34.142-14.142 34.142z\"><\/path><\/svg><\/span>\n\t\t\t\t\t\t\t\t\t\t\t\t\t<\/span>\n\t\t\t\t\t\t\t\t\t\t\t\t<a class=\"elementor-toggle-title\" tabindex=\"0\">31. mai - Festivalfest<\/a>\n\t\t\t\t\t<\/div>\n\n\t\t\t\t\t<div id=\"elementor-tab-content-2036\" class=\"elementor-tab-content elementor-clearfix\" data-tab=\"6\" role=\"region\" aria-labelledby=\"elementor-tab-title-2036\"><p><b>L\u00f8rdag 31. mai 2025<br \/><\/b><b>Tid: 20:00<br \/><\/b><b>Beliggenhet: <\/b><span style=\"text-decoration: underline; color: #000080;\"><a style=\"color: #000080;\" href=\"https:\/\/nksf2025.is\/nb\/venue\/\" target=\"_blank\" rel=\"noopener\"><b>Nasa - sj\u00e1lfst\u00e6\u00f0issalur<\/b><\/a><\/span><\/p><p><span style=\"font-weight: 400;\">Kom igjen, la oss komme sammen, synge og feire!<\/span><\/p><p><span style=\"font-weight: 400;\">Festivalfesten vil bli holdt p\u00e5 Nasa:<\/span><\/p><p><span style=\"font-weight: 400;\">I \u00e5renes l\u00f8p har hallen v\u00e6rt kjent under ulike navn - opprinnelig het bygningen Uavhengighetshuset ved Austurv\u00f6llur, og hallen har en sterk tilknytning til islandsk musikkhistorie, der det ble holdt konserter og dans fra midten av forrige \u00e5rhundre. Senere ble det underholdningsstedet Sigt\u00fan, og enda senere holdt underholdningsstedet Nasa til her i en periode. I dag er hallen omhyggelig renovert, og man har fors\u00f8kt \u00e5 gjenskape det opprinnelige utseendet, et kultursenter som tidligere huset den islandske operaen i mange \u00e5r. Vi f\u00e5r oppleve musikalske innslag, og alle som deltar p\u00e5 arrangementet, er velkomne til \u00e5 spille og opptre p\u00e5 scenen.<\/span><\/p><p><img loading=\"lazy\" decoding=\"async\" class=\"alignnone wp-image-1403 size-medium\" src=\"https:\/\/nksf2025.is\/wp-content\/uploads\/2025\/03\/nasa--300x200.webp\" alt=\"\" width=\"300\" height=\"200\" srcset=\"https:\/\/nksf2025.is\/wp-content\/uploads\/2025\/03\/nasa--300x200.webp 300w, https:\/\/nksf2025.is\/wp-content\/uploads\/2025\/03\/nasa--1024x683.webp 1024w, https:\/\/nksf2025.is\/wp-content\/uploads\/2025\/03\/nasa--768x512.webp 768w, https:\/\/nksf2025.is\/wp-content\/uploads\/2025\/03\/nasa--1536x1024.webp 1536w, https:\/\/nksf2025.is\/wp-content\/uploads\/2025\/03\/nasa--2048x1365.webp 2048w, https:\/\/nksf2025.is\/wp-content\/uploads\/2025\/03\/nasa--18x12.webp 18w\" sizes=\"(max-width: 300px) 100vw, 300px\" \/><\/p><\/div>\n\t\t\t\t<\/div>\n\t\t\t\t\t\t\t<div class=\"elementor-toggle-item\">\n\t\t\t\t\t<div id=\"elementor-tab-title-2037\" class=\"elementor-tab-title\" data-tab=\"7\" role=\"button\" aria-controls=\"elementor-tab-content-2037\" aria-expanded=\"false\">\n\t\t\t\t\t\t\t\t\t\t\t\t<span class=\"elementor-toggle-icon elementor-toggle-icon-left\" aria-hidden=\"true\">\n\t\t\t\t\t\t\t\t\t\t\t\t\t\t\t<span class=\"elementor-toggle-icon-closed\"><svg class=\"e-font-icon-svg e-fas-caret-right\" viewbox=\"0 0 192 512\" xmlns=\"http:\/\/www.w3.org\/2000\/svg\"><path d=\"M0 384.662V127.338c0-17.818 21.543-26.741 34.142-14.142l128.662 128.662c7.81 7.81 7.81 20.474 0 28.284L34.142 398.804C21.543 411.404 0 402.48 0 384.662z\"><\/path><\/svg><\/span>\n\t\t\t\t\t\t\t\t<span class=\"elementor-toggle-icon-opened\"><svg class=\"elementor-toggle-icon-opened e-font-icon-svg e-fas-caret-up\" viewbox=\"0 0 320 512\" xmlns=\"http:\/\/www.w3.org\/2000\/svg\"><path d=\"M288.662 352H31.338c-17.818 0-26.741-21.543-14.142-34.142l128.662-128.662c7.81-7.81 20.474-7.81 28.284 0l128.662 128.662c12.6 12.599 3.676 34.142-14.142 34.142z\"><\/path><\/svg><\/span>\n\t\t\t\t\t\t\t\t\t\t\t\t\t<\/span>\n\t\t\t\t\t\t\t\t\t\t\t\t<a class=\"elementor-toggle-title\" tabindex=\"0\">01. juni - Festivalens h\u00f8ymesse<\/a>\n\t\t\t\t\t<\/div>\n\n\t\t\t\t\t<div id=\"elementor-tab-content-2037\" class=\"elementor-tab-content elementor-clearfix\" data-tab=\"7\" role=\"region\" aria-labelledby=\"elementor-tab-title-2037\"><p><b>S\u00f8ndag 1. juni 2025<br \/><\/b><b>Tid: 11:00\u00a0<br \/><\/b><b>Beliggenhet: <span style=\"text-decoration: underline; color: #000080;\"><a style=\"color: #000080;\" href=\"https:\/\/nksf2025.is\/nb\/venue\/\" target=\"_blank\" rel=\"noopener\">Hallgr\u00edmskirkja kirke<\/a><\/span><\/b><\/p><p><span style=\"font-weight: 400;\">NKSF 2025 avsluttes med en storsl\u00e5tt h\u00f8ymesse der alle deltakerne vil delta i musikk og tilbedelse.<\/span><\/p><p>Biskop av Island, Gu\u00f0r\u00fan Karls Helgud\u00f3ttir<br \/>Pastor Irma Sj\u00f6fn \u00d3skarsd\u00f3ttir<br \/>Bj\u00f6rn Steinar S\u00f3lbergsson, organist<br \/>Magn\u00fas Ragnarsson, dirigent<br \/>Koret i Langholtskirkja<br \/>Workshopledere og deltakere i NKSF 2025<\/p><\/div>\n\t\t\t\t<\/div>\n\t\t\t\t\t\t\t\t<\/div>\n\t\t\t\t<\/div>\n\t\t\t\t<\/div>\n\t\t\t\t\t<\/div>\n\t\t\t\t<\/div>\n\t\t\t\t<\/div>","protected":false},"excerpt":{"rendered":"<p>\u00a0 I l\u00f8pet av de fire festivaldagene vil Nordisk kirkekorfestival 2025 inneholde en rekke konserter og arrangementer. Nedenfor finner du mer informasjon om konsertene, aktivitetene og forumene under \u00e5rets festival. 29. mai - \u00c5pningskonsert torsdag 29. mai 2025Tid: 20:00Lokasjon:  Hallgr\u00edmskirkja kirke P\u00e5 \u00e5pningskonserten vil to [...]<\/p>","protected":false},"author":2,"featured_media":0,"parent":0,"menu_order":0,"comment_status":"closed","ping_status":"closed","template":"","meta":{"_acf_changed":false,"footnotes":""},"class_list":["post-932","page","type-page","status-publish","hentry"],"acf":[],"_links":{"self":[{"href":"https:\/\/nksf2025.is\/nb\/wp-json\/wp\/v2\/pages\/932","targetHints":{"allow":["GET"]}}],"collection":[{"href":"https:\/\/nksf2025.is\/nb\/wp-json\/wp\/v2\/pages"}],"about":[{"href":"https:\/\/nksf2025.is\/nb\/wp-json\/wp\/v2\/types\/page"}],"author":[{"embeddable":true,"href":"https:\/\/nksf2025.is\/nb\/wp-json\/wp\/v2\/users\/2"}],"replies":[{"embeddable":true,"href":"https:\/\/nksf2025.is\/nb\/wp-json\/wp\/v2\/comments?post=932"}],"version-history":[{"count":130,"href":"https:\/\/nksf2025.is\/nb\/wp-json\/wp\/v2\/pages\/932\/revisions"}],"predecessor-version":[{"id":1470,"href":"https:\/\/nksf2025.is\/nb\/wp-json\/wp\/v2\/pages\/932\/revisions\/1470"}],"wp:attachment":[{"href":"https:\/\/nksf2025.is\/nb\/wp-json\/wp\/v2\/media?parent=932"}],"curies":[{"name":"wp","href":"https:\/\/api.w.org\/{rel}","templated":true}]}}