{"id":965,"date":"2024-07-23T19:00:54","date_gmt":"2024-07-23T19:00:54","guid":{"rendered":"https:\/\/nksf2025.is\/?page_id=965"},"modified":"2025-05-07T22:11:51","modified_gmt":"2025-05-07T22:11:51","slug":"workshops","status":"publish","type":"page","link":"https:\/\/nksf2025.is\/fi\/workshops\/","title":{"rendered":"Ty\u00f6pajat"},"content":{"rendered":"<div data-elementor-type=\"wp-page\" data-elementor-id=\"965\" class=\"elementor elementor-965\" data-elementor-post-type=\"page\">\n\t\t\t\t<div class=\"elementor-element elementor-element-67e3d06 e-grid e-con-full e-con e-parent\" data-id=\"67e3d06\" data-element_type=\"container\">\n\t\t\t\t<div class=\"elementor-element elementor-element-a2098c3 elementor-widget__width-initial elementor-widget elementor-widget-text-editor\" data-id=\"a2098c3\" data-element_type=\"widget\" data-widget_type=\"text-editor.default\">\n\t\t\t\t<div class=\"elementor-widget-container\">\n\t\t\t\t\t\t\t<p><strong>Vuonna 2025 pohjoismaisella kirkkokuorofestivaalilla j\u00e4rjestet\u00e4\u00e4n kuusi erilaista ty\u00f6pajakokonaisuutta, joissa kaikissa keskityt\u00e4\u00e4n jumalanpalvelusmusiikkiin tai pohjoismaiseen kuoromusiikkiin.\u00a0<\/strong><\/p><p><strong>Ty\u00f6pajaty\u00f6skentelyn tulokset esitell\u00e4\u00e4n konsertissa Hallgr\u00edmskirkassa.<\/strong><\/p><div>\u00a0<\/div>\t\t\t\t\t\t<\/div>\n\t\t\t\t<\/div>\n\t\t\t\t<div class=\"elementor-element elementor-element-14c50b4 elementor-widget elementor-widget-image\" data-id=\"14c50b4\" data-element_type=\"widget\" data-widget_type=\"image.default\">\n\t\t\t\t<div class=\"elementor-widget-container\">\n\t\t\t\t\t\t\t\t\t\t\t\t\t<img fetchpriority=\"high\" decoding=\"async\" width=\"768\" height=\"1180\" src=\"https:\/\/nksf2025.is\/wp-content\/uploads\/2024\/08\/HH1845-copy-1-768x1180.jpg\" class=\"attachment-medium_large size-medium_large wp-image-1259\" alt=\"\" srcset=\"https:\/\/nksf2025.is\/wp-content\/uploads\/2024\/08\/HH1845-copy-1-768x1180.jpg 768w, https:\/\/nksf2025.is\/wp-content\/uploads\/2024\/08\/HH1845-copy-1-195x300.jpg 195w, https:\/\/nksf2025.is\/wp-content\/uploads\/2024\/08\/HH1845-copy-1-666x1024.jpg 666w, https:\/\/nksf2025.is\/wp-content\/uploads\/2024\/08\/HH1845-copy-1-999x1536.jpg 999w, https:\/\/nksf2025.is\/wp-content\/uploads\/2024\/08\/HH1845-copy-1-1333x2048.jpg 1333w, https:\/\/nksf2025.is\/wp-content\/uploads\/2024\/08\/HH1845-copy-1-scaled.jpg 1666w\" sizes=\"(max-width: 768px) 100vw, 768px\" \/>\t\t\t\t\t\t\t\t\t\t\t\t\t<\/div>\n\t\t\t\t<\/div>\n\t\t\t\t<\/div>\n\t\t<div class=\"elementor-element elementor-element-fbef8af e-flex e-con-boxed e-con e-parent\" data-id=\"fbef8af\" data-element_type=\"container\">\n\t\t\t\t\t<div class=\"e-con-inner\">\n\t\t\t\t<div class=\"elementor-element elementor-element-c21bfe2 elementor-widget elementor-widget-toggle\" data-id=\"c21bfe2\" data-element_type=\"widget\" data-widget_type=\"toggle.default\">\n\t\t\t\t<div class=\"elementor-widget-container\">\n\t\t\t\t\t<div class=\"elementor-toggle\">\n\t\t\t\t\t\t\t<div class=\"elementor-toggle-item\">\n\t\t\t\t\t<div id=\"elementor-tab-title-2031\" class=\"elementor-tab-title\" data-tab=\"1\" role=\"button\" aria-controls=\"elementor-tab-content-2031\" aria-expanded=\"false\">\n\t\t\t\t\t\t\t\t\t\t\t\t<span class=\"elementor-toggle-icon elementor-toggle-icon-left\" aria-hidden=\"true\">\n\t\t\t\t\t\t\t\t\t\t\t\t\t\t\t<span class=\"elementor-toggle-icon-closed\"><svg class=\"e-font-icon-svg e-fas-caret-right\" viewbox=\"0 0 192 512\" xmlns=\"http:\/\/www.w3.org\/2000\/svg\"><path d=\"M0 384.662V127.338c0-17.818 21.543-26.741 34.142-14.142l128.662 128.662c7.81 7.81 7.81 20.474 0 28.284L34.142 398.804C21.543 411.404 0 402.48 0 384.662z\"><\/path><\/svg><\/span>\n\t\t\t\t\t\t\t\t<span class=\"elementor-toggle-icon-opened\"><svg class=\"elementor-toggle-icon-opened e-font-icon-svg e-fas-caret-up\" viewbox=\"0 0 320 512\" xmlns=\"http:\/\/www.w3.org\/2000\/svg\"><path d=\"M288.662 352H31.338c-17.818 0-26.741-21.543-14.142-34.142l128.662-128.662c7.81-7.81 20.474-7.81 28.284 0l128.662 128.662c12.6 12.599 3.676 34.142-14.142 34.142z\"><\/path><\/svg><\/span>\n\t\t\t\t\t\t\t\t\t\t\t\t\t<\/span>\n\t\t\t\t\t\t\t\t\t\t\t\t<a class=\"elementor-toggle-title\" tabindex=\"0\">Rytminen ty\u00f6paja<\/a>\n\t\t\t\t\t<\/div>\n\n\t\t\t\t\t<div id=\"elementor-tab-content-2031\" class=\"elementor-tab-content elementor-clearfix\" data-tab=\"1\" role=\"region\" aria-labelledby=\"elementor-tab-title-2031\"><p><strong><span style=\"color: #000080;\">Rytminen ty\u00f6paja<\/span><\/strong><\/p><p>Ty\u00f6pajassa opetetaan yksi- ja moni\u00e4\u00e4nisi\u00e4 lauluja sek\u00e4 gospelille tyypillisi\u00e4 rytmisi\u00e4 liikkeit\u00e4 ja tansseja Call and response -menetelm\u00e4ll\u00e4. Lis\u00e4ksi ty\u00f6pajassa sovelletaan nonverbaalista Vocal Painting -menetelm\u00e4\u00e4 (tanskalaisen professorin Jim Daus Hjern\u00f8en kehitt\u00e4m\u00e4), jossa liikkeen ja laulun avulla luodaan rento ja hauska oppimisymp\u00e4rist\u00f6, joka rohkaisee yhteiseen improvisointiin. Ty\u00f6paja sopii sek\u00e4 aloittelijoille ett\u00e4 musiikin ammattilaisille.<\/p><p><strong>Johtajat:<\/strong><br \/><span style=\"color: #000080;\"><b><span style=\"text-decoration: underline;\"><span style=\"color: #000080;\"><a style=\"color: #000080; text-decoration: underline;\" href=\"https:\/\/nksf2025.is\/fi\/workshop_leaders\/\" target=\"_blank\" rel=\"noopener\">Nina Pakkanen (FI)<\/a><\/span><\/span><br \/><span style=\"text-decoration: underline; color: #000080;\"><a style=\"color: #000080;\" href=\"https:\/\/nksf2025.is\/fi\/workshop_leaders\/\" target=\"_blank\" rel=\"noopener\">Gospel Helsinki (FI)\u00a0<\/a><\/span><\/b><\/span><br \/>Rytmity\u00f6pajaa ohjaa Gospel Helsingin kapellimestari Nina Pakkanen.<br \/><strong><span style=\"color: #000080;\">Valmistelu: Nuotit l\u00e4hetet\u00e4\u00e4n osallistujille etuk\u00e4teen.<\/span><\/strong><\/p><\/div>\n\t\t\t\t<\/div>\n\t\t\t\t\t\t\t<div class=\"elementor-toggle-item\">\n\t\t\t\t\t<div id=\"elementor-tab-title-2032\" class=\"elementor-tab-title\" data-tab=\"2\" role=\"button\" aria-controls=\"elementor-tab-content-2032\" aria-expanded=\"false\">\n\t\t\t\t\t\t\t\t\t\t\t\t<span class=\"elementor-toggle-icon elementor-toggle-icon-left\" aria-hidden=\"true\">\n\t\t\t\t\t\t\t\t\t\t\t\t\t\t\t<span class=\"elementor-toggle-icon-closed\"><svg class=\"e-font-icon-svg e-fas-caret-right\" viewbox=\"0 0 192 512\" xmlns=\"http:\/\/www.w3.org\/2000\/svg\"><path d=\"M0 384.662V127.338c0-17.818 21.543-26.741 34.142-14.142l128.662 128.662c7.81 7.81 7.81 20.474 0 28.284L34.142 398.804C21.543 411.404 0 402.48 0 384.662z\"><\/path><\/svg><\/span>\n\t\t\t\t\t\t\t\t<span class=\"elementor-toggle-icon-opened\"><svg class=\"elementor-toggle-icon-opened e-font-icon-svg e-fas-caret-up\" viewbox=\"0 0 320 512\" xmlns=\"http:\/\/www.w3.org\/2000\/svg\"><path d=\"M288.662 352H31.338c-17.818 0-26.741-21.543-14.142-34.142l128.662-128.662c7.81-7.81 20.474-7.81 28.284 0l128.662 128.662c12.6 12.599 3.676 34.142-14.142 34.142z\"><\/path><\/svg><\/span>\n\t\t\t\t\t\t\t\t\t\t\t\t\t<\/span>\n\t\t\t\t\t\t\t\t\t\t\t\t<a class=\"elementor-toggle-title\" tabindex=\"0\">Uudet pohjoismaiset virret ja maailmanlaajuinen laulukirja<\/a>\n\t\t\t\t\t<\/div>\n\n\t\t\t\t\t<div id=\"elementor-tab-content-2032\" class=\"elementor-tab-content elementor-clearfix\" data-tab=\"2\" role=\"region\" aria-labelledby=\"elementor-tab-title-2032\"><p><span style=\"color: #000080;\"><strong>Uudet pohjoismaiset virret ja maailmanlaajuinen laulukirja<\/strong><\/span><\/p><p>Tervetuloa t\u00e4h\u00e4n ty\u00f6pajaan, jossa laulamme Maailmanlaajuisesta laulukirjasta yhdess\u00e4 Karin R\u00fcnowin ja Kristj\u00e1n Hrannar P\u00e1lssonin kanssa, jotka osallistuivat ryhm\u00e4\u00e4n, joka valitsi kirjan pohjoismaiset virret.<\/p><p>Voiko uudistuminen, kypsyminen ja kasvu uskossa tapahtua laulun ja musiikin kautta?<\/p><p>Martin Luther ajatteli niin. Vuonna 1524 h\u00e4n julkaisi pienen vihkosen, joka sis\u00e4lsi kahdeksan uutta teksti\u00e4 tuon ajan suosittuihin melodioihin, keinona levitt\u00e4\u00e4 uskonpuhdistuksen ajatuksia. Lauluista tuli nopeasti suosittuja ja virsilaulusta t\u00e4rke\u00e4 osa luterilaista kirkkoa maailmanlaajuisesti. T\u00e4n\u00e4 vuonna Luterilainen maailmanliitto juhlistaa musiikin uudistavaa voimaa julkaisemalla The Global Songbook 2024 -laulukirjan virsi\u00e4 ja liturgioita kaikilta LWB:n alueilta. Laulamalla samoja lauluja toivomme voivamme innostaa vuoropuheluun, vahvistaa yhteis\u00f6\u00e4 ja selvent\u00e4\u00e4, mit\u00e4 tarkoittaa olla luterilainen kirkko.<\/p><p><strong>Johtajat:<\/strong><br \/><strong><span style=\"text-decoration: underline;\"><span style=\"color: #000080; text-decoration: underline;\"><a style=\"color: #000080; text-decoration: underline;\" href=\"http:\/\/workshop leaders\" data-wplink-url-error=\"true\">Karin Runow (SV)<\/a><br \/><\/span><\/span><span style=\"color: #000080;\">Kristj\u00e1n Hrannar P\u00e1lsson (I<\/span><span style=\"color: #000080;\">S)\u00a0<\/span><\/strong><\/p><p><span style=\"color: #000080;\"><strong>Valmistelu: Ei ole<\/strong><\/span><br \/><span style=\"color: #000080;\"><strong>Kieli: Ruotsi, englanti<\/strong><\/span><\/p><\/div>\n\t\t\t\t<\/div>\n\t\t\t\t\t\t\t<div class=\"elementor-toggle-item\">\n\t\t\t\t\t<div id=\"elementor-tab-title-2033\" class=\"elementor-tab-title\" data-tab=\"3\" role=\"button\" aria-controls=\"elementor-tab-content-2033\" aria-expanded=\"false\">\n\t\t\t\t\t\t\t\t\t\t\t\t<span class=\"elementor-toggle-icon elementor-toggle-icon-left\" aria-hidden=\"true\">\n\t\t\t\t\t\t\t\t\t\t\t\t\t\t\t<span class=\"elementor-toggle-icon-closed\"><svg class=\"e-font-icon-svg e-fas-caret-right\" viewbox=\"0 0 192 512\" xmlns=\"http:\/\/www.w3.org\/2000\/svg\"><path d=\"M0 384.662V127.338c0-17.818 21.543-26.741 34.142-14.142l128.662 128.662c7.81 7.81 7.81 20.474 0 28.284L34.142 398.804C21.543 411.404 0 402.48 0 384.662z\"><\/path><\/svg><\/span>\n\t\t\t\t\t\t\t\t<span class=\"elementor-toggle-icon-opened\"><svg class=\"elementor-toggle-icon-opened e-font-icon-svg e-fas-caret-up\" viewbox=\"0 0 320 512\" xmlns=\"http:\/\/www.w3.org\/2000\/svg\"><path d=\"M288.662 352H31.338c-17.818 0-26.741-21.543-14.142-34.142l128.662-128.662c7.81-7.81 20.474-7.81 28.284 0l128.662 128.662c12.6 12.599 3.676 34.142-14.142 34.142z\"><\/path><\/svg><\/span>\n\t\t\t\t\t\t\t\t\t\t\t\t\t<\/span>\n\t\t\t\t\t\t\t\t\t\t\t\t<a class=\"elementor-toggle-title\" tabindex=\"0\">Kuoro ja urut<\/a>\n\t\t\t\t\t<\/div>\n\n\t\t\t\t\t<div id=\"elementor-tab-content-2033\" class=\"elementor-tab-content elementor-clearfix\" data-tab=\"3\" role=\"region\" aria-labelledby=\"elementor-tab-title-2033\"><p><span style=\"color: #000080;\"><strong>Kuoro ja urut<br \/><\/strong><\/span><br \/>Ty\u00f6paja sis\u00e4lt\u00e4\u00e4 musiikkia kuorolle ja uruille islantilaisen s\u00e4velt\u00e4j\u00e4n Sigur\u00f0ur S\u00e6varssonin Missa pacis -teoksesta sek\u00e4 Magn\u00fas Ragnarssonin ilman s\u00e4est\u00e4j\u00e4\u00e4 esitt\u00e4m\u00e4n Agnus Dei -teoksen.<\/p><p><strong>Johtaja: <\/strong><br \/><span style=\"color: #000080;\"><a style=\"color: #000080;\" href=\"https:\/\/nksf2025.is\/fi\/workshop_leaders\/\" target=\"_blank\" rel=\"noopener\"><strong>Magn\u00fas Ragnarsson (IS)<\/strong><\/a><\/span><br \/><span style=\"color: #000080;\"><strong>Valmistelu: Nuotit l\u00e4hetet\u00e4\u00e4n osallistujille etuk\u00e4teen.<\/strong><\/span><br \/><span style=\"color: #000080;\"><strong>Kieli: Ruotsi, englanti<\/strong><\/span><\/p><\/div>\n\t\t\t\t<\/div>\n\t\t\t\t\t\t\t<div class=\"elementor-toggle-item\">\n\t\t\t\t\t<div id=\"elementor-tab-title-2034\" class=\"elementor-tab-title\" data-tab=\"4\" role=\"button\" aria-controls=\"elementor-tab-content-2034\" aria-expanded=\"false\">\n\t\t\t\t\t\t\t\t\t\t\t\t<span class=\"elementor-toggle-icon elementor-toggle-icon-left\" aria-hidden=\"true\">\n\t\t\t\t\t\t\t\t\t\t\t\t\t\t\t<span class=\"elementor-toggle-icon-closed\"><svg class=\"e-font-icon-svg e-fas-caret-right\" viewbox=\"0 0 192 512\" xmlns=\"http:\/\/www.w3.org\/2000\/svg\"><path d=\"M0 384.662V127.338c0-17.818 21.543-26.741 34.142-14.142l128.662 128.662c7.81 7.81 7.81 20.474 0 28.284L34.142 398.804C21.543 411.404 0 402.48 0 384.662z\"><\/path><\/svg><\/span>\n\t\t\t\t\t\t\t\t<span class=\"elementor-toggle-icon-opened\"><svg class=\"elementor-toggle-icon-opened e-font-icon-svg e-fas-caret-up\" viewbox=\"0 0 320 512\" xmlns=\"http:\/\/www.w3.org\/2000\/svg\"><path d=\"M288.662 352H31.338c-17.818 0-26.741-21.543-14.142-34.142l128.662-128.662c7.81-7.81 20.474-7.81 28.284 0l128.662 128.662c12.6 12.599 3.676 34.142-14.142 34.142z\"><\/path><\/svg><\/span>\n\t\t\t\t\t\t\t\t\t\t\t\t\t<\/span>\n\t\t\t\t\t\t\t\t\t\t\t\t<a class=\"elementor-toggle-title\" tabindex=\"0\">Kuoro-improvisaatio<\/a>\n\t\t\t\t\t<\/div>\n\n\t\t\t\t\t<div id=\"elementor-tab-content-2034\" class=\"elementor-tab-content elementor-clearfix\" data-tab=\"4\" role=\"region\" aria-labelledby=\"elementor-tab-title-2034\"><p><strong><span style=\"color: #000080;\">Kuoro-improvisaatio<\/span><\/strong><\/p><p>Kuoroimprovisaatiossa pyrimme tarttumaan odottamattomaan ja nostamaan sen musiikiksi yhdess\u00e4 ryhm\u00e4n\u00e4. Tunnettujen lastenleikkien periaatteisiin perustuvien harjoitusten avulla luomme yhteisen suunnan leikkis\u00e4ss\u00e4 ja kokeilevassa l\u00e4hestymistavassa musiikin rakennuspalikoihin. Nuotittomalla kuoroty\u00f6skentelyll\u00e4 vahvistetaan musiikillista kuuloa, kun silm\u00e4n ei tarvitse lukea samanaikaisesti, ja musiikillista muistia tuetaan yksinkertaisella koreografialla. Koe ultratekstivapaa kuoroteos, joka siirt\u00e4\u00e4 tulkinnan ja aloitteen kapellimestarilta yksitt\u00e4iselle laulajalle ja lauluryhm\u00e4lle. Jokaisesta \u00e4\u00e4nest\u00e4 tulee uudella tavalla yhteiss\u00e4vellytt\u00e4v\u00e4, ja kapellimestari leikkii johtajaroolillaan er\u00e4\u00e4nlaisena \"leikkivalmentajana\".<\/p><p>Harjoitukset, metodologia ja luonnokset erilaisiin improvisaatioihin, joiden parissa ty\u00f6skentelemme, l\u00f6ytyv\u00e4t Lars Nielsen Sardemannin julkaisusta \"Ten glances at the living God - choral improvisation with soundscape\" (Forlaget MIXTUR) - sek\u00e4 kuoronjohtajan ett\u00e4 kuorolaulajan vihkon voi hankkia edullisesti ennen osallistumista osoitteesta noder.dk.<\/p><p>T\u00e4\u00e4lt\u00e4 voit my\u00f6s ladata kauniita \u00e4\u00e4nimaisemia, joihin improvisoimme; kuoron \"turvaverkko\" ja musiikillinen ohjeistus improvisoinnin aikana.<\/p><p>L\u00f6yd\u00e4 sis\u00e4inen lapsesi!<\/p><p><strong>Johtaja:<\/strong><br \/><strong><span style=\"text-decoration: underline;\"><a href=\"https:\/\/nksf2025.is\/fi\/workshop_leaders\/\" target=\"_blank\" rel=\"noopener\"><span style=\"color: #000080; text-decoration: underline;\">Lars Nielsen Sardemann<\/span><\/a><\/span><span style=\"color: #000080;\"> (DK)<\/span><\/strong><br \/><span style=\"color: #000080;\"><strong>Valmistelu: Ei ole<\/strong><\/span><br \/><span style=\"color: #000080;\"><strong>Kielet: Tanska, englanti<\/strong><\/span><\/p><p><span style=\"color: #000080;\">\u00a0<\/span><\/p><\/div>\n\t\t\t\t<\/div>\n\t\t\t\t\t\t\t<div class=\"elementor-toggle-item\">\n\t\t\t\t\t<div id=\"elementor-tab-title-2035\" class=\"elementor-tab-title\" data-tab=\"5\" role=\"button\" aria-controls=\"elementor-tab-content-2035\" aria-expanded=\"false\">\n\t\t\t\t\t\t\t\t\t\t\t\t<span class=\"elementor-toggle-icon elementor-toggle-icon-left\" aria-hidden=\"true\">\n\t\t\t\t\t\t\t\t\t\t\t\t\t\t\t<span class=\"elementor-toggle-icon-closed\"><svg class=\"e-font-icon-svg e-fas-caret-right\" viewbox=\"0 0 192 512\" xmlns=\"http:\/\/www.w3.org\/2000\/svg\"><path d=\"M0 384.662V127.338c0-17.818 21.543-26.741 34.142-14.142l128.662 128.662c7.81 7.81 7.81 20.474 0 28.284L34.142 398.804C21.543 411.404 0 402.48 0 384.662z\"><\/path><\/svg><\/span>\n\t\t\t\t\t\t\t\t<span class=\"elementor-toggle-icon-opened\"><svg class=\"elementor-toggle-icon-opened e-font-icon-svg e-fas-caret-up\" viewbox=\"0 0 320 512\" xmlns=\"http:\/\/www.w3.org\/2000\/svg\"><path d=\"M288.662 352H31.338c-17.818 0-26.741-21.543-14.142-34.142l128.662-128.662c7.81-7.81 20.474-7.81 28.284 0l128.662 128.662c12.6 12.599 3.676 34.142-14.142 34.142z\"><\/path><\/svg><\/span>\n\t\t\t\t\t\t\t\t\t\t\t\t\t<\/span>\n\t\t\t\t\t\t\t\t\t\t\t\t<a class=\"elementor-toggle-title\" tabindex=\"0\">Musiikkia jumalanpalvelukseen<\/a>\n\t\t\t\t\t<\/div>\n\n\t\t\t\t\t<div id=\"elementor-tab-content-2035\" class=\"elementor-tab-content elementor-clearfix\" data-tab=\"5\" role=\"region\" aria-labelledby=\"elementor-tab-title-2035\"><p><span style=\"color: #000080;\"><strong>Musiikkia jumalanpalvelukseen<\/strong><\/span><\/p><p>S\u00e4velt\u00e4j\u00e4t ovat satojen vuosien ajan kirjoittaneet motetteja, messuja ja kantaatteja jumalanpalveluksissa k\u00e4ytett\u00e4v\u00e4ksi. Usein paikallinen kirkkomuusikko s\u00e4velsi, harjoitteli ja esitti musiikin kuoronsa kanssa, eik\u00e4 ollut harvinaista, ett\u00e4 koko prosessi tapahtui saman viikon aikana. Thomas Tallisin ja Heinrich Sch\u00fctzin kaltaisten s\u00e4velt\u00e4jien teoksissa on motetteja, jotka kattavat suuren osan kirkkovuodesta, Johann Sebastian Bach s\u00e4velsi kantaatteja kirkkovuoden jokaiselle sunnuntaille, ja viime aikoina tuskin yksik\u00e4\u00e4n norjalainen s\u00e4velt\u00e4j\u00e4 on kirjoittanut yht\u00e4 paljon liturgista musiikkia kuin Egil Hovland. Monissa kirkoissa on edelleen el\u00e4v\u00e4 perinne, ett\u00e4 kirkkomuusikko s\u00e4velt\u00e4\u00e4 kuoromusiikkia erityisesti seuraavan sunnuntain teksteihin sovitettuna, ja n\u00e4in syntyy koko ajan uutta, kaunista kirkkomusiikkia kuoroille.<\/p><p>T\u00e4ss\u00e4 ty\u00f6pajassa tutustumme uudempaan kuoromusiikkiin, joka kuulostaa hyv\u00e4lt\u00e4, jota on suhteellisen helppo harjoitella lyhyess\u00e4 ajassa ja jota voidaan helposti k\u00e4ytt\u00e4\u00e4 jumalanpalveluksessa.<\/p><p><strong>Johtaja :<\/strong><br \/><span style=\"text-decoration: underline;\"><a href=\"https:\/\/nksf2025.is\/fi\/workshop_leaders\/\" target=\"_blank\" rel=\"noopener\"><strong><span style=\"color: #000080; text-decoration: underline;\">Karen Haugom Olsen<\/span><\/strong><\/a><\/span><br \/><span style=\"color: #000080;\"><strong>Valmistelu: Nuotit l\u00e4hetet\u00e4\u00e4n osallistujille etuk\u00e4teen.<\/strong><\/span><br \/><span style=\"color: #000080;\"><strong>Kielet: Norja, englanti<\/strong><\/span><\/p><\/div>\n\t\t\t\t<\/div>\n\t\t\t\t\t\t\t<div class=\"elementor-toggle-item\">\n\t\t\t\t\t<div id=\"elementor-tab-title-2036\" class=\"elementor-tab-title\" data-tab=\"6\" role=\"button\" aria-controls=\"elementor-tab-content-2036\" aria-expanded=\"false\">\n\t\t\t\t\t\t\t\t\t\t\t\t<span class=\"elementor-toggle-icon elementor-toggle-icon-left\" aria-hidden=\"true\">\n\t\t\t\t\t\t\t\t\t\t\t\t\t\t\t<span class=\"elementor-toggle-icon-closed\"><svg class=\"e-font-icon-svg e-fas-caret-right\" viewbox=\"0 0 192 512\" xmlns=\"http:\/\/www.w3.org\/2000\/svg\"><path d=\"M0 384.662V127.338c0-17.818 21.543-26.741 34.142-14.142l128.662 128.662c7.81 7.81 7.81 20.474 0 28.284L34.142 398.804C21.543 411.404 0 402.48 0 384.662z\"><\/path><\/svg><\/span>\n\t\t\t\t\t\t\t\t<span class=\"elementor-toggle-icon-opened\"><svg class=\"elementor-toggle-icon-opened e-font-icon-svg e-fas-caret-up\" viewbox=\"0 0 320 512\" xmlns=\"http:\/\/www.w3.org\/2000\/svg\"><path d=\"M288.662 352H31.338c-17.818 0-26.741-21.543-14.142-34.142l128.662-128.662c7.81-7.81 20.474-7.81 28.284 0l128.662 128.662c12.6 12.599 3.676 34.142-14.142 34.142z\"><\/path><\/svg><\/span>\n\t\t\t\t\t\t\t\t\t\t\t\t\t<\/span>\n\t\t\t\t\t\t\t\t\t\t\t\t<a class=\"elementor-toggle-title\" tabindex=\"0\">Musiikilliset vastakohdat<\/a>\n\t\t\t\t\t<\/div>\n\n\t\t\t\t\t<div id=\"elementor-tab-content-2036\" class=\"elementor-tab-content elementor-clearfix\" data-tab=\"6\" role=\"region\" aria-labelledby=\"elementor-tab-title-2036\"><p><span style=\"color: #000080;\"><strong>Musiikkitaidon kontrasti<\/strong><\/span><\/p><p>Contrasts in Musicianship - ty\u00f6paja, jossa tutustumme kuorokappaleisiin, jotka ovat kesken\u00e4\u00e4n jyrk\u00e4ss\u00e4 ristiriidassa ja joita kutakin m\u00e4\u00e4rittelee niiden erilainen sointukieli, sanoma ja musiikillinen kerronta.<\/p><p>Ty\u00f6pajan aikana tutkimme kolmen erilaisen sekakuorolle s\u00e4velletyn teoksen erilaisia musiikillisia vivahteita, jotta voimme yhdess\u00e4 tuntea musiikin ja her\u00e4tt\u00e4\u00e4 el\u00e4v\u00e4sti henkiin sen suuret kontrastit.<\/p><p>Ty\u00f6pajassa esitet\u00e4\u00e4n seuraavat teokset: \"Martin \u00c5sanderin \"Peace\" on syd\u00e4mellinen, rauhallinen rukous ja Sunleif Rasmussenin \"Nordika\" on intohimoinen pohjoismaisen identiteetin juhla.<\/p><p><strong>Johtaja:<\/strong><br \/><span style=\"text-decoration: underline;\"><a href=\"https:\/\/nksf2025.is\/fi\/workshop_leaders\/\" target=\"_blank\" rel=\"noopener\"><span style=\"color: #000080; text-decoration: underline;\"><strong>T\u00f3ra Vestergaard<\/strong><\/span><\/a><\/span><br \/><span style=\"color: #000080;\"><strong>Valmistelu: Osallistujille l\u00e4hetet\u00e4\u00e4n nuotit etuk\u00e4teen.<\/strong><\/span><br \/><span style=\"color: #000080;\"><strong>Kieli: Englanti<\/strong><\/span><\/p><\/div>\n\t\t\t\t<\/div>\n\t\t\t\t\t\t\t\t<\/div>\n\t\t\t\t<\/div>\n\t\t\t\t<\/div>\n\t\t\t\t\t<\/div>\n\t\t\t\t<\/div>\n\t\t<div class=\"elementor-element elementor-element-e1280bf e-flex e-con-boxed e-con e-parent\" data-id=\"e1280bf\" data-element_type=\"container\">\n\t\t\t\t\t<div class=\"e-con-inner\">\n\t\t\t\t\t<\/div>\n\t\t\t\t<\/div>\n\t\t\t\t<\/div>","protected":false},"excerpt":{"rendered":"<p>Vuonna 2025 pohjoismaisella kirkkokuorofestivaalilla j\u00e4rjestet\u00e4\u00e4n kuusi erilaista ty\u00f6pajakokonaisuutta, joissa kaikissa keskityt\u00e4\u00e4n jumalanpalvelusmusiikkiin tai pohjoismaiseen kuoromusiikkiin.  Ty\u00f6pajaty\u00f6skentelyn tulokset esitell\u00e4\u00e4n konsertissa Hallgr\u00edmskirkassa.   Rytmity\u00f6paja Rytmity\u00f6paja Ty\u00f6pajassa opetetaan yksi- ja moni\u00e4\u00e4nisi\u00e4 lauluja sek\u00e4 gospelille tyypillisi\u00e4 rytmisi\u00e4 liikkeit\u00e4 ja tansseja [...].<\/p>","protected":false},"author":2,"featured_media":0,"parent":0,"menu_order":0,"comment_status":"closed","ping_status":"closed","template":"","meta":{"_acf_changed":false,"footnotes":""},"class_list":["post-965","page","type-page","status-publish","hentry"],"acf":[],"_links":{"self":[{"href":"https:\/\/nksf2025.is\/fi\/wp-json\/wp\/v2\/pages\/965","targetHints":{"allow":["GET"]}}],"collection":[{"href":"https:\/\/nksf2025.is\/fi\/wp-json\/wp\/v2\/pages"}],"about":[{"href":"https:\/\/nksf2025.is\/fi\/wp-json\/wp\/v2\/types\/page"}],"author":[{"embeddable":true,"href":"https:\/\/nksf2025.is\/fi\/wp-json\/wp\/v2\/users\/2"}],"replies":[{"embeddable":true,"href":"https:\/\/nksf2025.is\/fi\/wp-json\/wp\/v2\/comments?post=965"}],"version-history":[{"count":98,"href":"https:\/\/nksf2025.is\/fi\/wp-json\/wp\/v2\/pages\/965\/revisions"}],"predecessor-version":[{"id":1477,"href":"https:\/\/nksf2025.is\/fi\/wp-json\/wp\/v2\/pages\/965\/revisions\/1477"}],"wp:attachment":[{"href":"https:\/\/nksf2025.is\/fi\/wp-json\/wp\/v2\/media?parent=965"}],"curies":[{"name":"wp","href":"https:\/\/api.w.org\/{rel}","templated":true}]}}