{"id":1120,"date":"2024-07-25T21:16:30","date_gmt":"2024-07-25T21:16:30","guid":{"rendered":"https:\/\/nksf2025.is\/?page_id=1120"},"modified":"2025-03-27T21:23:42","modified_gmt":"2025-03-27T21:23:42","slug":"program-overview","status":"publish","type":"page","link":"https:\/\/nksf2025.is\/fi\/program-overview\/","title":{"rendered":"Ohjelman yleiskatsaus"},"content":{"rendered":"<div data-elementor-type=\"wp-page\" data-elementor-id=\"1120\" class=\"elementor elementor-1120\" data-elementor-post-type=\"page\">\n\t\t\t\t<div class=\"elementor-element elementor-element-67e3d06 e-flex e-con-boxed e-con e-parent\" data-id=\"67e3d06\" data-element_type=\"container\">\n\t\t\t\t\t<div class=\"e-con-inner\">\n\t\t\t\t<div class=\"elementor-element elementor-element-1618993 elementor-widget elementor-widget-heading\" data-id=\"1618993\" data-element_type=\"widget\" data-widget_type=\"heading.default\">\n\t\t\t\t<div class=\"elementor-widget-container\">\n\t\t\t<h2 class=\"elementor-heading-title elementor-size-default\">Alustava ohjelma - yleiskatsaus<\/h2>\t\t<\/div>\n\t\t\t\t<\/div>\n\t\t\t\t<div class=\"elementor-element elementor-element-a87594b elementor-widget elementor-widget-text-editor\" data-id=\"a87594b\" data-element_type=\"widget\" data-widget_type=\"text-editor.default\">\n\t\t\t\t<div class=\"elementor-widget-container\">\n\t\t\t\t\t\t\t<p>Tulostettava versio <a href=\"https:\/\/nksf2025.is\/wp-content\/uploads\/2025\/03\/Norraent-kirkjukoramot-Dagskra-uppsett-fyrir-heimasiduIII.pdf\" target=\"_blank\" rel=\"noopener\">KLIKKAA T\u00c4ST\u00c4<\/a><\/p>\t\t\t\t\t\t<\/div>\n\t\t\t\t<\/div>\n\t\t\t\t<div class=\"elementor-element elementor-element-e0f3788 elementor-widget elementor-widget-image\" data-id=\"e0f3788\" data-element_type=\"widget\" data-widget_type=\"image.default\">\n\t\t\t\t<div class=\"elementor-widget-container\">\n\t\t\t\t\t\t\t\t\t\t\t\t\t\t<a href=\"https:\/\/nksf2025.is\/wp-content\/uploads\/2025\/03\/Norraent-kirkjukoramot-Dagskra-uppsett-fyrir-heimasiduIII.jpg\" target=\"_blank\">\n\t\t\t\t\t\t\t<img fetchpriority=\"high\" decoding=\"async\" width=\"800\" height=\"566\" src=\"https:\/\/nksf2025.is\/wp-content\/uploads\/2025\/03\/Norraent-kirkjukoramot-Dagskra-uppsett-fyrir-heimasiduIII-1024x724.jpg\" class=\"attachment-large size-large wp-image-1436\" alt=\"\" srcset=\"https:\/\/nksf2025.is\/wp-content\/uploads\/2025\/03\/Norraent-kirkjukoramot-Dagskra-uppsett-fyrir-heimasiduIII-1024x724.jpg 1024w, https:\/\/nksf2025.is\/wp-content\/uploads\/2025\/03\/Norraent-kirkjukoramot-Dagskra-uppsett-fyrir-heimasiduIII-300x212.jpg 300w, https:\/\/nksf2025.is\/wp-content\/uploads\/2025\/03\/Norraent-kirkjukoramot-Dagskra-uppsett-fyrir-heimasiduIII-768x543.jpg 768w, https:\/\/nksf2025.is\/wp-content\/uploads\/2025\/03\/Norraent-kirkjukoramot-Dagskra-uppsett-fyrir-heimasiduIII-1536x1086.jpg 1536w, https:\/\/nksf2025.is\/wp-content\/uploads\/2025\/03\/Norraent-kirkjukoramot-Dagskra-uppsett-fyrir-heimasiduIII-2048x1448.jpg 2048w, https:\/\/nksf2025.is\/wp-content\/uploads\/2025\/03\/Norraent-kirkjukoramot-Dagskra-uppsett-fyrir-heimasiduIII-18x12.jpg 18w\" sizes=\"(max-width: 800px) 100vw, 800px\" \/>\t\t\t\t\t\t\t\t<\/a>\n\t\t\t\t\t\t\t\t\t\t\t\t\t<\/div>\n\t\t\t\t<\/div>\n\t\t\t\t\t<\/div>\n\t\t\t\t<\/div>\n\t\t<div class=\"elementor-element elementor-element-fbef8af e-flex e-con-boxed e-con e-parent\" data-id=\"fbef8af\" data-element_type=\"container\">\n\t\t\t\t\t<div class=\"e-con-inner\">\n\t\t\t\t\t<\/div>\n\t\t\t\t<\/div>\n\t\t\t\t<\/div>","protected":false},"excerpt":{"rendered":"<p>Alustava ohjelma - yleiskatsaus Tulostettavaan versioon p\u00e4\u00e4set klikkaamalla T\u00c4ST\u00c4.<\/p>","protected":false},"author":2,"featured_media":0,"parent":0,"menu_order":0,"comment_status":"closed","ping_status":"closed","template":"","meta":{"_acf_changed":false,"footnotes":""},"class_list":["post-1120","page","type-page","status-publish","hentry"],"acf":[],"_links":{"self":[{"href":"https:\/\/nksf2025.is\/fi\/wp-json\/wp\/v2\/pages\/1120","targetHints":{"allow":["GET"]}}],"collection":[{"href":"https:\/\/nksf2025.is\/fi\/wp-json\/wp\/v2\/pages"}],"about":[{"href":"https:\/\/nksf2025.is\/fi\/wp-json\/wp\/v2\/types\/page"}],"author":[{"embeddable":true,"href":"https:\/\/nksf2025.is\/fi\/wp-json\/wp\/v2\/users\/2"}],"replies":[{"embeddable":true,"href":"https:\/\/nksf2025.is\/fi\/wp-json\/wp\/v2\/comments?post=1120"}],"version-history":[{"count":43,"href":"https:\/\/nksf2025.is\/fi\/wp-json\/wp\/v2\/pages\/1120\/revisions"}],"predecessor-version":[{"id":1443,"href":"https:\/\/nksf2025.is\/fi\/wp-json\/wp\/v2\/pages\/1120\/revisions\/1443"}],"wp:attachment":[{"href":"https:\/\/nksf2025.is\/fi\/wp-json\/wp\/v2\/media?parent=1120"}],"curies":[{"name":"wp","href":"https:\/\/api.w.org\/{rel}","templated":true}]}}