{"id":923,"date":"2024-07-18T21:32:52","date_gmt":"2024-07-18T21:32:52","guid":{"rendered":"https:\/\/nksf2025.is\/?page_id=923"},"modified":"2025-03-27T20:18:49","modified_gmt":"2025-03-27T20:18:49","slug":"venue","status":"publish","type":"page","link":"https:\/\/nksf2025.is\/da\/venue\/","title":{"rendered":"Spillesteder"},"content":{"rendered":"<div data-elementor-type=\"wp-page\" data-elementor-id=\"923\" class=\"elementor elementor-923\" data-elementor-post-type=\"page\">\n\t\t\t\t\t\t<section class=\"elementor-section elementor-top-section elementor-element elementor-element-8a3bb14 elementor-section-height-min-height elementor-section-boxed elementor-section-height-default elementor-section-items-middle\" data-id=\"8a3bb14\" data-element_type=\"section\" data-settings=\"{&quot;background_background&quot;:&quot;classic&quot;}\">\n\t\t\t\t\t\t\t<div class=\"elementor-background-overlay\"><\/div>\n\t\t\t\t\t\t\t<div class=\"elementor-container elementor-column-gap-default\">\n\t\t\t\t\t<div class=\"elementor-column elementor-col-50 elementor-top-column elementor-element elementor-element-cd01eca\" data-id=\"cd01eca\" data-element_type=\"column\">\n\t\t\t<div class=\"elementor-widget-wrap elementor-element-populated\">\n\t\t\t\t\t\t<div class=\"elementor-element elementor-element-7212826 animated-fast elementor-invisible elementor-widget elementor-widget-elementskit-heading\" data-id=\"7212826\" data-element_type=\"widget\" data-settings=\"{&quot;_animation&quot;:&quot;fadeIn&quot;,&quot;_animation_delay&quot;:200}\" data-widget_type=\"elementskit-heading.default\">\n\t\t\t\t<div class=\"elementor-widget-container\">\n\t\t\t<div class=\"ekit-wid-con\" ><div class=\"ekit-heading elementskit-section-title-wraper text_left   ekit_heading_tablet-text_center   ekit_heading_mobile-text_center\"><h3 class=\"elementskit-section-subtitle\">\n\t\t\t\t\t\t29. maj - 1. juni | Reykjav\u00edk | Island\n\t\t\t\t\t<\/h3><h2 class=\"ekit-heading--title elementskit-section-title\">Spillesteder<\/h2><\/div><\/div>\t\t<\/div>\n\t\t\t\t<\/div>\n\t\t\t\t<div class=\"elementor-element elementor-element-44ed21f elementor-align-left elementor-tablet-align-center animated-fast elementor-widget__width-auto elementor-invisible elementor-widget elementor-widget-button\" data-id=\"44ed21f\" data-element_type=\"widget\" data-settings=\"{&quot;_animation&quot;:&quot;fadeIn&quot;,&quot;_animation_delay&quot;:400}\" data-widget_type=\"button.default\">\n\t\t\t\t<div class=\"elementor-widget-container\">\n\t\t\t\t\t\t\t<div class=\"elementor-button-wrapper\">\n\t\t\t\t\t<a class=\"elementor-button elementor-button-link elementor-size-sm elementor-animation-shrink\" href=\"http:\/\/Opens%20soon\">\n\t\t\t\t\t\t<span class=\"elementor-button-content-wrapper\">\n\t\t\t\t\t\t\t\t\t<span class=\"elementor-button-text\">Registrering<\/span>\n\t\t\t\t\t<\/span>\n\t\t\t\t\t<\/a>\n\t\t\t\t<\/div>\n\t\t\t\t\t\t<\/div>\n\t\t\t\t<\/div>\n\t\t\t\t\t<\/div>\n\t\t<\/div>\n\t\t\t\t<div class=\"elementor-column elementor-col-50 elementor-top-column elementor-element elementor-element-b7719d1\" data-id=\"b7719d1\" data-element_type=\"column\">\n\t\t\t<div class=\"elementor-widget-wrap elementor-element-populated\">\n\t\t\t\t\t\t<section class=\"elementor-section elementor-inner-section elementor-element elementor-element-285ca3c elementor-section-boxed elementor-section-height-default elementor-section-height-default\" data-id=\"285ca3c\" data-element_type=\"section\">\n\t\t\t\t\t\t<div class=\"elementor-container elementor-column-gap-no\">\n\t\t\t\t\t<div class=\"elementor-column elementor-col-33 elementor-inner-column elementor-element elementor-element-5b72cf8\" data-id=\"5b72cf8\" data-element_type=\"column\">\n\t\t\t<div class=\"elementor-widget-wrap\">\n\t\t\t\t\t\t\t<\/div>\n\t\t<\/div>\n\t\t\t\t<div class=\"elementor-column elementor-col-33 elementor-inner-column elementor-element elementor-element-0438d6e\" data-id=\"0438d6e\" data-element_type=\"column\">\n\t\t\t<div class=\"elementor-widget-wrap elementor-element-populated\">\n\t\t\t\t\t\t<div class=\"elementor-element elementor-element-f3f7e15 e-transform elementor-invisible elementor-widget elementor-widget-image\" data-id=\"f3f7e15\" data-element_type=\"widget\" data-settings=\"{&quot;_transform_scale_effect&quot;:{&quot;unit&quot;:&quot;px&quot;,&quot;size&quot;:1.7,&quot;sizes&quot;:[]},&quot;_transform_scale_effect_tablet&quot;:{&quot;unit&quot;:&quot;px&quot;,&quot;size&quot;:1.4,&quot;sizes&quot;:[]},&quot;_transform_scale_effect_mobile&quot;:{&quot;unit&quot;:&quot;px&quot;,&quot;size&quot;:1.7,&quot;sizes&quot;:[]},&quot;_animation&quot;:&quot;fadeInUp&quot;,&quot;_animation_delay&quot;:400}\" data-widget_type=\"image.default\">\n\t\t\t\t<div class=\"elementor-widget-container\">\n\t\t\t\t\t\t\t\t\t\t\t\t\t<img fetchpriority=\"high\" decoding=\"async\" width=\"800\" height=\"585\" src=\"https:\/\/nksf2025.is\/wp-content\/uploads\/2024\/07\/HH2516-res-1024x749.jpg\" class=\"attachment-large size-large wp-image-931\" alt=\"\" srcset=\"https:\/\/nksf2025.is\/wp-content\/uploads\/2024\/07\/HH2516-res-1024x749.jpg 1024w, https:\/\/nksf2025.is\/wp-content\/uploads\/2024\/07\/HH2516-res-300x219.jpg 300w, https:\/\/nksf2025.is\/wp-content\/uploads\/2024\/07\/HH2516-res-768x562.jpg 768w, https:\/\/nksf2025.is\/wp-content\/uploads\/2024\/07\/HH2516-res-1536x1124.jpg 1536w, https:\/\/nksf2025.is\/wp-content\/uploads\/2024\/07\/HH2516-res.jpg 2000w\" sizes=\"(max-width: 800px) 100vw, 800px\" \/>\t\t\t\t\t\t\t\t\t\t\t\t\t<\/div>\n\t\t\t\t<\/div>\n\t\t\t\t\t<\/div>\n\t\t<\/div>\n\t\t\t\t<div class=\"elementor-column elementor-col-33 elementor-inner-column elementor-element elementor-element-0d4c3ff\" data-id=\"0d4c3ff\" data-element_type=\"column\">\n\t\t\t<div class=\"elementor-widget-wrap elementor-element-populated\">\n\t\t\t\t\t\t<div class=\"elementor-element elementor-element-a638feb e-transform elementor-invisible elementor-widget elementor-widget-image\" data-id=\"a638feb\" data-element_type=\"widget\" data-settings=\"{&quot;_transform_scale_effect&quot;:{&quot;unit&quot;:&quot;px&quot;,&quot;size&quot;:1.4,&quot;sizes&quot;:[]},&quot;_transform_scale_effect_tablet&quot;:{&quot;unit&quot;:&quot;px&quot;,&quot;size&quot;:1.1,&quot;sizes&quot;:[]},&quot;_transform_scale_effect_mobile&quot;:{&quot;unit&quot;:&quot;px&quot;,&quot;size&quot;:1.5,&quot;sizes&quot;:[]},&quot;_animation&quot;:&quot;fadeInUp&quot;,&quot;_animation_delay&quot;:600}\" data-widget_type=\"image.default\">\n\t\t\t\t<div class=\"elementor-widget-container\">\n\t\t\t\t\t\t\t\t\t\t\t\t\t<img decoding=\"async\" width=\"768\" height=\"1024\" src=\"https:\/\/nksf2025.is\/wp-content\/uploads\/2024\/07\/pretikunarstoll-1.jpg\" class=\"attachment-large size-large wp-image-929\" alt=\"\" srcset=\"https:\/\/nksf2025.is\/wp-content\/uploads\/2024\/07\/pretikunarstoll-1.jpg 768w, https:\/\/nksf2025.is\/wp-content\/uploads\/2024\/07\/pretikunarstoll-1-225x300.jpg 225w\" sizes=\"(max-width: 768px) 100vw, 768px\" \/>\t\t\t\t\t\t\t\t\t\t\t\t\t<\/div>\n\t\t\t\t<\/div>\n\t\t\t\t\t<\/div>\n\t\t<\/div>\n\t\t\t\t\t<\/div>\n\t\t<\/section>\n\t\t\t\t\t<\/div>\n\t\t<\/div>\n\t\t\t\t\t<\/div>\n\t\t<\/section>\n\t\t<div class=\"elementor-element elementor-element-94409a4 e-flex e-con-boxed e-con e-parent\" data-id=\"94409a4\" data-element_type=\"container\">\n\t\t\t\t\t<div class=\"e-con-inner\">\n\t\t<div class=\"elementor-element elementor-element-a8f276f e-con-full e-flex e-con e-child\" data-id=\"a8f276f\" data-element_type=\"container\" data-settings=\"{&quot;background_background&quot;:&quot;gradient&quot;}\">\n\t\t\t\t<div class=\"elementor-element elementor-element-18a894b elementor-widget elementor-widget-heading\" data-id=\"18a894b\" data-element_type=\"widget\" data-widget_type=\"heading.default\">\n\t\t\t\t<div class=\"elementor-widget-container\">\n\t\t\t<h2 class=\"elementor-heading-title elementor-size-default\">Hallgr\u00edmskirkja Kirke<\/h2>\t\t<\/div>\n\t\t\t\t<\/div>\n\t\t\t\t<div class=\"elementor-element elementor-element-ce97607 elementor-widget elementor-widget-text-editor\" data-id=\"ce97607\" data-element_type=\"widget\" data-widget_type=\"text-editor.default\">\n\t\t\t\t<div class=\"elementor-widget-container\">\n\t\t\t\t\t\t\t<p><span style=\"font-weight: 400;\">Den evangelisk-lutherske kirke Hallgrimskirkja er en levende og blomstrende kirke i centrum af Reykjav\u00edk. Hallgr\u00edmskirkja er b\u00e5de et nationalt monument, dedikeret til Islands mest ber\u00f8mte hellige digter, Hallgr\u00edmur P\u00e9tursson, og en sognekirke midt i byen med et levende menighedsliv og musikalsk aktivitet. Hallgr\u00edmskirkja er den st\u00f8rste kirke i Island og t\u00e5rner sig op over Reykjaviks centrum. Den huser ogs\u00e5 landets st\u00f8rste orgel. T\u00e5rnet er 73 meter h\u00f8jt. Det giver en panoramaudsigt over Reykjav\u00edk, de omkringliggende bjerge og havet, der str\u00e6kker sig vestp\u00e5 til Gr\u00f8nland og Amerika. T\u00e5rnet er et af de mest bes\u00f8gte turistm\u00e5l i Reykjav\u00edk. Kirken blev bygget mellem 1945 og 1986, og sognet er en del af den evangelisk-lutherske kirke i Island.<\/span><\/p><p><strong>\u00a0Adresse: Hallgr\u00edmskirkjutorg, 101 Reykjav\u00edk<\/strong><\/p><p>\u00a0<\/p>\t\t\t\t\t\t<\/div>\n\t\t\t\t<\/div>\n\t\t\t\t<div class=\"elementor-element elementor-element-6ab6723 elementor-widget elementor-widget-gallery\" data-id=\"6ab6723\" data-element_type=\"widget\" data-settings=\"{&quot;lazyload&quot;:&quot;yes&quot;,&quot;gallery_layout&quot;:&quot;grid&quot;,&quot;columns&quot;:4,&quot;columns_tablet&quot;:2,&quot;columns_mobile&quot;:1,&quot;gap&quot;:{&quot;unit&quot;:&quot;px&quot;,&quot;size&quot;:10,&quot;sizes&quot;:[]},&quot;gap_tablet&quot;:{&quot;unit&quot;:&quot;px&quot;,&quot;size&quot;:10,&quot;sizes&quot;:[]},&quot;gap_mobile&quot;:{&quot;unit&quot;:&quot;px&quot;,&quot;size&quot;:10,&quot;sizes&quot;:[]},&quot;link_to&quot;:&quot;file&quot;,&quot;aspect_ratio&quot;:&quot;3:2&quot;,&quot;overlay_background&quot;:&quot;yes&quot;,&quot;content_hover_animation&quot;:&quot;fade-in&quot;}\" data-widget_type=\"gallery.default\">\n\t\t\t\t<div class=\"elementor-widget-container\">\n\t\t\t\t\t<div class=\"elementor-gallery__container\">\n\t\t\t\t\t\t\t<a class=\"e-gallery-item elementor-gallery-item elementor-animated-content\" href=\"https:\/\/nksf2025.is\/wp-content\/uploads\/2024\/07\/HK-listaverk.jpg\" data-elementor-open-lightbox=\"yes\" data-elementor-lightbox-slideshow=\"6ab6723\" data-elementor-lightbox-title=\"HK listaverk\" data-e-action-hash=\"#elementor-action%3Aaction%3Dlightbox%26settings%3DeyJpZCI6ODU0LCJ1cmwiOiJodHRwczpcL1wvbmtzZjIwMjUuaXNcL3dwLWNvbnRlbnRcL3VwbG9hZHNcLzIwMjRcLzA3XC9ISy1saXN0YXZlcmsuanBnIiwic2xpZGVzaG93IjoiNmFiNjcyMyJ9\">\n\t\t\t\t\t<div class=\"e-gallery-image elementor-gallery-item__image\" data-thumbnail=\"https:\/\/nksf2025.is\/wp-content\/uploads\/2024\/07\/HK-listaverk-300x210.jpg\" data-width=\"300\" data-height=\"210\" aria-label=\"\" role=\"img\" ><\/div>\n\t\t\t\t\t\t\t\t\t\t\t<div class=\"elementor-gallery-item__overlay\"><\/div>\n\t\t\t\t\t\t\t\t\t\t\t\t\t\t<\/a>\n\t\t\t\t\t\t\t<a class=\"e-gallery-item elementor-gallery-item elementor-animated-content\" href=\"https:\/\/nksf2025.is\/wp-content\/uploads\/2024\/07\/Dyr-hallgrimskirkju.jpg\" data-elementor-open-lightbox=\"yes\" data-elementor-lightbox-slideshow=\"6ab6723\" data-elementor-lightbox-title=\"Dyr hallgr\u00edmskirkju\" data-e-action-hash=\"#elementor-action%3Aaction%3Dlightbox%26settings%3DeyJpZCI6ODUzLCJ1cmwiOiJodHRwczpcL1wvbmtzZjIwMjUuaXNcL3dwLWNvbnRlbnRcL3VwbG9hZHNcLzIwMjRcLzA3XC9EeXItaGFsbGdyaW1za2lya2p1LmpwZyIsInNsaWRlc2hvdyI6IjZhYjY3MjMifQ%3D%3D\">\n\t\t\t\t\t<div class=\"e-gallery-image elementor-gallery-item__image\" data-thumbnail=\"https:\/\/nksf2025.is\/wp-content\/uploads\/2024\/07\/Dyr-hallgrimskirkju-225x300.jpg\" data-width=\"225\" data-height=\"300\" aria-label=\"\" role=\"img\" ><\/div>\n\t\t\t\t\t\t\t\t\t\t\t<div class=\"elementor-gallery-item__overlay\"><\/div>\n\t\t\t\t\t\t\t\t\t\t\t\t\t\t<\/a>\n\t\t\t\t\t\t\t<a class=\"e-gallery-item elementor-gallery-item elementor-animated-content\" href=\"https:\/\/nksf2025.is\/wp-content\/uploads\/2024\/07\/hallgrimskirkja-1.jpeg\" data-elementor-open-lightbox=\"yes\" data-elementor-lightbox-slideshow=\"6ab6723\" data-elementor-lightbox-title=\"hallgr\u00edmskirkja\" data-e-action-hash=\"#elementor-action%3Aaction%3Dlightbox%26settings%3DeyJpZCI6ODI0LCJ1cmwiOiJodHRwczpcL1wvbmtzZjIwMjUuaXNcL3dwLWNvbnRlbnRcL3VwbG9hZHNcLzIwMjRcLzA3XC9oYWxsZ3JpbXNraXJramEtMS5qcGVnIiwic2xpZGVzaG93IjoiNmFiNjcyMyJ9\">\n\t\t\t\t\t<div class=\"e-gallery-image elementor-gallery-item__image\" data-thumbnail=\"https:\/\/nksf2025.is\/wp-content\/uploads\/2024\/07\/hallgrimskirkja-1.jpeg\" data-width=\"201\" data-height=\"251\" aria-label=\"\" role=\"img\" ><\/div>\n\t\t\t\t\t\t\t\t\t\t\t<div class=\"elementor-gallery-item__overlay\"><\/div>\n\t\t\t\t\t\t\t\t\t\t\t\t\t\t<\/a>\n\t\t\t\t\t\t\t<a class=\"e-gallery-item elementor-gallery-item elementor-animated-content\" href=\"https:\/\/nksf2025.is\/wp-content\/uploads\/2024\/07\/pretikunarstoll.jpg\" data-elementor-open-lightbox=\"yes\" data-elementor-lightbox-slideshow=\"6ab6723\" data-elementor-lightbox-title=\"pretikunarst\u00f3ll\" data-e-action-hash=\"#elementor-action%3Aaction%3Dlightbox%26settings%3DeyJpZCI6ODU1LCJ1cmwiOiJodHRwczpcL1wvbmtzZjIwMjUuaXNcL3dwLWNvbnRlbnRcL3VwbG9hZHNcLzIwMjRcLzA3XC9wcmV0aWt1bmFyc3RvbGwuanBnIiwic2xpZGVzaG93IjoiNmFiNjcyMyJ9\">\n\t\t\t\t\t<div class=\"e-gallery-image elementor-gallery-item__image\" data-thumbnail=\"https:\/\/nksf2025.is\/wp-content\/uploads\/2024\/07\/pretikunarstoll-225x300.jpg\" data-width=\"225\" data-height=\"300\" aria-label=\"\" role=\"img\" ><\/div>\n\t\t\t\t\t\t\t\t\t\t\t<div class=\"elementor-gallery-item__overlay\"><\/div>\n\t\t\t\t\t\t\t\t\t\t\t\t\t\t<\/a>\n\t\t\t\t\t<\/div>\n\t\t\t<\/div>\n\t\t\t\t<\/div>\n\t\t\t\t<\/div>\n\t\t<div class=\"elementor-element elementor-element-5c5cdd0 e-flex e-con-boxed e-con e-child\" data-id=\"5c5cdd0\" data-element_type=\"container\" data-settings=\"{&quot;background_background&quot;:&quot;gradient&quot;}\">\n\t\t\t\t\t<div class=\"e-con-inner\">\n\t\t\t\t<div class=\"elementor-element elementor-element-c1b0cd3 elementor-widget elementor-widget-heading\" data-id=\"c1b0cd3\" data-element_type=\"widget\" data-widget_type=\"heading.default\">\n\t\t\t\t<div class=\"elementor-widget-container\">\n\t\t\t<h2 class=\"elementor-heading-title elementor-size-default\">Nasa - Independence house<\/h2>\t\t<\/div>\n\t\t\t\t<\/div>\n\t\t\t\t<div class=\"elementor-element elementor-element-c485ef2 elementor-widget elementor-widget-text-editor\" data-id=\"c485ef2\" data-element_type=\"widget\" data-widget_type=\"text-editor.default\">\n\t\t\t\t<div class=\"elementor-widget-container\">\n\t\t\t\t\t\t\t<p>I \u00e5renes l\u00f8b har hallen v\u00e6ret kendt under forskellige navne - oprindeligt blev bygningen kaldt Uafh\u00e6ngighedshuset ved Austurv\u00f6llur, og hallen har en st\u00e6rk forbindelse til islandsk musikhistorie, hvor der blev afholdt koncerter og dans fra midten af forrige \u00e5rhundrede. Senere blev det til underholdningsstedet Sigt\u00fan, og endnu senere fungerede underholdningsstedet Nasa der i en periode. I dag er hallen blevet omhyggeligt renoveret, og man har bestr\u00e6bt sig p\u00e5 at genskabe dens oprindelige udseende.<\/p><p><strong>Adresse: ved Parliament hotel, Thorvaldsensstr\u00e6ti 2, 101 Reykjav\u00edk<\/strong><\/p><p><span style=\"font-weight: 400;\">\u00a0<\/span><\/p>\t\t\t\t\t\t<\/div>\n\t\t\t\t<\/div>\n\t\t\t\t<div class=\"elementor-element elementor-element-781e7fc elementor-widget elementor-widget-gallery\" data-id=\"781e7fc\" data-element_type=\"widget\" data-settings=\"{&quot;lazyload&quot;:&quot;yes&quot;,&quot;gallery_layout&quot;:&quot;grid&quot;,&quot;columns&quot;:4,&quot;columns_tablet&quot;:2,&quot;columns_mobile&quot;:1,&quot;gap&quot;:{&quot;unit&quot;:&quot;px&quot;,&quot;size&quot;:10,&quot;sizes&quot;:[]},&quot;gap_tablet&quot;:{&quot;unit&quot;:&quot;px&quot;,&quot;size&quot;:10,&quot;sizes&quot;:[]},&quot;gap_mobile&quot;:{&quot;unit&quot;:&quot;px&quot;,&quot;size&quot;:10,&quot;sizes&quot;:[]},&quot;link_to&quot;:&quot;file&quot;,&quot;aspect_ratio&quot;:&quot;3:2&quot;,&quot;overlay_background&quot;:&quot;yes&quot;,&quot;content_hover_animation&quot;:&quot;fade-in&quot;}\" data-widget_type=\"gallery.default\">\n\t\t\t\t<div class=\"elementor-widget-container\">\n\t\t\t\t\t<div class=\"elementor-gallery__container\">\n\t\t\t\t\t\t\t<a class=\"e-gallery-item elementor-gallery-item elementor-animated-content\" href=\"https:\/\/nksf2025.is\/wp-content\/uploads\/2025\/03\/2XV3K3jhRNizXyKGiBnO.webp\" data-elementor-open-lightbox=\"yes\" data-elementor-lightbox-slideshow=\"781e7fc\" data-elementor-lightbox-title=\"2XV3K3jhRNizXyKGiBnO\" data-e-action-hash=\"#elementor-action%3Aaction%3Dlightbox%26settings%3DeyJpZCI6MTQxMSwidXJsIjoiaHR0cHM6XC9cL25rc2YyMDI1LmlzXC93cC1jb250ZW50XC91cGxvYWRzXC8yMDI1XC8wM1wvMlhWM0szamhSTml6WHlLR2lCbk8ud2VicCIsInNsaWRlc2hvdyI6Ijc4MWU3ZmMifQ%3D%3D\">\n\t\t\t\t\t<div class=\"e-gallery-image elementor-gallery-item__image\" data-thumbnail=\"https:\/\/nksf2025.is\/wp-content\/uploads\/2025\/03\/2XV3K3jhRNizXyKGiBnO-300x200.webp\" data-width=\"300\" data-height=\"200\" aria-label=\"\" role=\"img\" ><\/div>\n\t\t\t\t\t\t\t\t\t\t\t<div class=\"elementor-gallery-item__overlay\"><\/div>\n\t\t\t\t\t\t\t\t\t\t\t\t\t\t<\/a>\n\t\t\t\t\t\t\t<a class=\"e-gallery-item elementor-gallery-item elementor-animated-content\" href=\"https:\/\/nksf2025.is\/wp-content\/uploads\/2025\/03\/8dzlSixTQeun0AsZoIeP.webp\" data-elementor-open-lightbox=\"yes\" data-elementor-lightbox-slideshow=\"781e7fc\" data-elementor-lightbox-title=\"8dzlSixTQeun0AsZoIeP\" data-e-action-hash=\"#elementor-action%3Aaction%3Dlightbox%26settings%3DeyJpZCI6MTQxMiwidXJsIjoiaHR0cHM6XC9cL25rc2YyMDI1LmlzXC93cC1jb250ZW50XC91cGxvYWRzXC8yMDI1XC8wM1wvOGR6bFNpeFRRZXVuMEFzWm9JZVAud2VicCIsInNsaWRlc2hvdyI6Ijc4MWU3ZmMifQ%3D%3D\">\n\t\t\t\t\t<div class=\"e-gallery-image elementor-gallery-item__image\" data-thumbnail=\"https:\/\/nksf2025.is\/wp-content\/uploads\/2025\/03\/8dzlSixTQeun0AsZoIeP-300x200.webp\" data-width=\"300\" data-height=\"200\" aria-label=\"\" role=\"img\" ><\/div>\n\t\t\t\t\t\t\t\t\t\t\t<div class=\"elementor-gallery-item__overlay\"><\/div>\n\t\t\t\t\t\t\t\t\t\t\t\t\t\t<\/a>\n\t\t\t\t\t\t\t<a class=\"e-gallery-item elementor-gallery-item elementor-animated-content\" href=\"https:\/\/nksf2025.is\/wp-content\/uploads\/2025\/03\/D6rMK67zQjmU4nitYZpw.webp\" data-elementor-open-lightbox=\"yes\" data-elementor-lightbox-slideshow=\"781e7fc\" data-elementor-lightbox-title=\"D6rMK67zQjmU4nitYZpw\" data-e-action-hash=\"#elementor-action%3Aaction%3Dlightbox%26settings%3DeyJpZCI6MTQxMywidXJsIjoiaHR0cHM6XC9cL25rc2YyMDI1LmlzXC93cC1jb250ZW50XC91cGxvYWRzXC8yMDI1XC8wM1wvRDZyTUs2N3pRam1VNG5pdFlacHcud2VicCIsInNsaWRlc2hvdyI6Ijc4MWU3ZmMifQ%3D%3D\">\n\t\t\t\t\t<div class=\"e-gallery-image elementor-gallery-item__image\" data-thumbnail=\"https:\/\/nksf2025.is\/wp-content\/uploads\/2025\/03\/D6rMK67zQjmU4nitYZpw-300x200.webp\" data-width=\"300\" data-height=\"200\" aria-label=\"\" role=\"img\" ><\/div>\n\t\t\t\t\t\t\t\t\t\t\t<div class=\"elementor-gallery-item__overlay\"><\/div>\n\t\t\t\t\t\t\t\t\t\t\t\t\t\t<\/a>\n\t\t\t\t\t\t\t<a class=\"e-gallery-item elementor-gallery-item elementor-animated-content\" href=\"https:\/\/nksf2025.is\/wp-content\/uploads\/2025\/03\/nasa-1-1.webp\" data-elementor-open-lightbox=\"yes\" data-elementor-lightbox-slideshow=\"781e7fc\" data-elementor-lightbox-title=\"nasa-\" data-e-action-hash=\"#elementor-action%3Aaction%3Dlightbox%26settings%3DeyJpZCI6MTQxNCwidXJsIjoiaHR0cHM6XC9cL25rc2YyMDI1LmlzXC93cC1jb250ZW50XC91cGxvYWRzXC8yMDI1XC8wM1wvbmFzYS0xLTEud2VicCIsInNsaWRlc2hvdyI6Ijc4MWU3ZmMifQ%3D%3D\">\n\t\t\t\t\t<div class=\"e-gallery-image elementor-gallery-item__image\" data-thumbnail=\"https:\/\/nksf2025.is\/wp-content\/uploads\/2025\/03\/nasa-1-1-300x200.webp\" data-width=\"300\" data-height=\"200\" aria-label=\"\" role=\"img\" ><\/div>\n\t\t\t\t\t\t\t\t\t\t\t<div class=\"elementor-gallery-item__overlay\"><\/div>\n\t\t\t\t\t\t\t\t\t\t\t\t\t\t<\/a>\n\t\t\t\t\t<\/div>\n\t\t\t<\/div>\n\t\t\t\t<\/div>\n\t\t\t\t\t<\/div>\n\t\t\t\t<\/div>\n\t\t<div class=\"elementor-element elementor-element-62cd0c3 e-flex e-con-boxed e-con e-child\" data-id=\"62cd0c3\" data-element_type=\"container\" data-settings=\"{&quot;background_background&quot;:&quot;gradient&quot;}\">\n\t\t\t\t\t<div class=\"e-con-inner\">\n\t\t\t\t<div class=\"elementor-element elementor-element-b230a7c elementor-widget elementor-widget-heading\" data-id=\"b230a7c\" data-element_type=\"widget\" data-widget_type=\"heading.default\">\n\t\t\t\t<div class=\"elementor-widget-container\">\n\t\t\t<h2 class=\"elementor-heading-title elementor-size-default\">T\u00e6knisk\u00f3linn<\/h2>\t\t<\/div>\n\t\t\t\t<\/div>\n\t\t\t\t<div class=\"elementor-element elementor-element-260613e elementor-widget elementor-widget-text-editor\" data-id=\"260613e\" data-element_type=\"widget\" data-widget_type=\"text-editor.default\">\n\t\t\t\t<div class=\"elementor-widget-container\">\n\t\t\t\t\t\t\t<p><strong style=\"text-align: var(--text-align); background-color: transparent; color: var( --e-global-color-primary ); font-family: var( --e-global-typography-text-font-family ), Sans-serif; font-size: var( --e-global-typography-text-font-size ); letter-spacing: var( --e-global-typography-text-letter-spacing ); text-transform: var( --e-global-typography-text-text-transform );\">T\u00e6knisk\u00f3linn er en gymnasieskole i Reykjav\u00edk, Island, som tilbyder b\u00e5de erhvervsuddannelser og specialiserede uddannelser.<\/strong><\/p><p><strong>Da skolens hovedbygning ligger belejligt<\/strong><strong> som ligger ved siden af Hallgrimskirkja, vil Nordisk Kirkekorfestival bruge cafeteriet og klasselokalerne til workshopaktiviteter.<\/strong><\/p><p><strong>Adresse: Frakkarst\u00edgur 27, 101 Reykjav\u00edk<\/strong><\/p><p><strong>\u00a0<\/strong><\/p>\t\t\t\t\t\t<\/div>\n\t\t\t\t<\/div>\n\t\t\t\t<div class=\"elementor-element elementor-element-9434063 elementor-widget elementor-widget-gallery\" data-id=\"9434063\" data-element_type=\"widget\" data-settings=\"{&quot;lazyload&quot;:&quot;yes&quot;,&quot;gallery_layout&quot;:&quot;grid&quot;,&quot;columns&quot;:4,&quot;columns_tablet&quot;:2,&quot;columns_mobile&quot;:1,&quot;gap&quot;:{&quot;unit&quot;:&quot;px&quot;,&quot;size&quot;:10,&quot;sizes&quot;:[]},&quot;gap_tablet&quot;:{&quot;unit&quot;:&quot;px&quot;,&quot;size&quot;:10,&quot;sizes&quot;:[]},&quot;gap_mobile&quot;:{&quot;unit&quot;:&quot;px&quot;,&quot;size&quot;:10,&quot;sizes&quot;:[]},&quot;link_to&quot;:&quot;file&quot;,&quot;aspect_ratio&quot;:&quot;3:2&quot;,&quot;overlay_background&quot;:&quot;yes&quot;,&quot;content_hover_animation&quot;:&quot;fade-in&quot;}\" data-widget_type=\"gallery.default\">\n\t\t\t\t<div class=\"elementor-widget-container\">\n\t\t\t\t\t<div class=\"elementor-gallery__container\">\n\t\t\t\t\t\t\t<a class=\"e-gallery-item elementor-gallery-item elementor-animated-content\" href=\"https:\/\/nksf2025.is\/wp-content\/uploads\/2024\/08\/taekniskolinn.jpg\" data-elementor-open-lightbox=\"yes\" data-elementor-lightbox-slideshow=\"9434063\" data-elementor-lightbox-title=\"t\u00e6knisk\u00f3linn\" data-e-action-hash=\"#elementor-action%3Aaction%3Dlightbox%26settings%3DeyJpZCI6MTMyOCwidXJsIjoiaHR0cHM6XC9cL25rc2YyMDI1LmlzXC93cC1jb250ZW50XC91cGxvYWRzXC8yMDI0XC8wOFwvdGFla25pc2tvbGlubi5qcGciLCJzbGlkZXNob3ciOiI5NDM0MDYzIn0%3D\">\n\t\t\t\t\t<div class=\"e-gallery-image elementor-gallery-item__image\" data-thumbnail=\"https:\/\/nksf2025.is\/wp-content\/uploads\/2024\/08\/taekniskolinn-300x208.jpg\" data-width=\"300\" data-height=\"208\" aria-label=\"\" role=\"img\" ><\/div>\n\t\t\t\t\t\t\t\t\t\t\t<div class=\"elementor-gallery-item__overlay\"><\/div>\n\t\t\t\t\t\t\t\t\t\t\t\t\t\t<\/a>\n\t\t\t\t\t\t\t<a class=\"e-gallery-item elementor-gallery-item elementor-animated-content\" href=\"https:\/\/nksf2025.is\/wp-content\/uploads\/2024\/08\/skolavorduholt.webp\" data-elementor-open-lightbox=\"yes\" data-elementor-lightbox-slideshow=\"9434063\" data-elementor-lightbox-title=\"skolavorduholt\" data-e-action-hash=\"#elementor-action%3Aaction%3Dlightbox%26settings%3DeyJpZCI6MTMyNywidXJsIjoiaHR0cHM6XC9cL25rc2YyMDI1LmlzXC93cC1jb250ZW50XC91cGxvYWRzXC8yMDI0XC8wOFwvc2tvbGF2b3JkdWhvbHQud2VicCIsInNsaWRlc2hvdyI6Ijk0MzQwNjMifQ%3D%3D\">\n\t\t\t\t\t<div class=\"e-gallery-image elementor-gallery-item__image\" data-thumbnail=\"https:\/\/nksf2025.is\/wp-content\/uploads\/2024\/08\/skolavorduholt-300x200.webp\" data-width=\"300\" data-height=\"200\" aria-label=\"\" role=\"img\" ><\/div>\n\t\t\t\t\t\t\t\t\t\t\t<div class=\"elementor-gallery-item__overlay\"><\/div>\n\t\t\t\t\t\t\t\t\t\t\t\t\t\t<\/a>\n\t\t\t\t\t\t\t<a class=\"e-gallery-item elementor-gallery-item elementor-animated-content\" href=\"https:\/\/nksf2025.is\/wp-content\/uploads\/2024\/08\/24.02.2016-Taekniskolinn.jpg\" data-elementor-open-lightbox=\"yes\" data-elementor-lightbox-slideshow=\"9434063\" data-elementor-lightbox-title=\"24.02.2016-T\u00e6knisk\u00f3linn\" data-e-action-hash=\"#elementor-action%3Aaction%3Dlightbox%26settings%3DeyJpZCI6MTMyNiwidXJsIjoiaHR0cHM6XC9cL25rc2YyMDI1LmlzXC93cC1jb250ZW50XC91cGxvYWRzXC8yMDI0XC8wOFwvMjQuMDIuMjAxNi1UYWVrbmlza29saW5uLmpwZyIsInNsaWRlc2hvdyI6Ijk0MzQwNjMifQ%3D%3D\">\n\t\t\t\t\t<div class=\"e-gallery-image elementor-gallery-item__image\" data-thumbnail=\"https:\/\/nksf2025.is\/wp-content\/uploads\/2024\/08\/24.02.2016-Taekniskolinn-300x225.jpg\" data-width=\"300\" data-height=\"225\" aria-label=\"\" role=\"img\" ><\/div>\n\t\t\t\t\t\t\t\t\t\t\t<div class=\"elementor-gallery-item__overlay\"><\/div>\n\t\t\t\t\t\t\t\t\t\t\t\t\t\t<\/a>\n\t\t\t\t\t<\/div>\n\t\t\t<\/div>\n\t\t\t\t<\/div>\n\t\t\t\t\t<\/div>\n\t\t\t\t<\/div>\n\t\t\t\t\t<\/div>\n\t\t\t\t<\/div>\n\t\t\t\t<\/div>","protected":false},"excerpt":{"rendered":"<p>Registrering Hallgr\u00edmskirkja Kirke Den evangelisk-lutherske kirke Hallgrimskirkja er en levende og blomstrende kirke i centrum af Reykjav\u00edk. Hallgr\u00edmskirkja er b\u00e5de et nationalt monument, dedikeret til Islands mest ber\u00f8mte hellige digter, Hallgr\u00edmur P\u00e9tursson, og en sognekirke midt i byen med et levende menighedsliv og musikalsk aktivitet. Hallgr\u00edmskirkja er den st\u00f8rste kirke i Island [...]<\/p>","protected":false},"author":2,"featured_media":0,"parent":0,"menu_order":0,"comment_status":"closed","ping_status":"closed","template":"elementor_header_footer","meta":{"_acf_changed":false,"footnotes":""},"class_list":["post-923","page","type-page","status-publish","hentry"],"acf":[],"_links":{"self":[{"href":"https:\/\/nksf2025.is\/da\/wp-json\/wp\/v2\/pages\/923","targetHints":{"allow":["GET"]}}],"collection":[{"href":"https:\/\/nksf2025.is\/da\/wp-json\/wp\/v2\/pages"}],"about":[{"href":"https:\/\/nksf2025.is\/da\/wp-json\/wp\/v2\/types\/page"}],"author":[{"embeddable":true,"href":"https:\/\/nksf2025.is\/da\/wp-json\/wp\/v2\/users\/2"}],"replies":[{"embeddable":true,"href":"https:\/\/nksf2025.is\/da\/wp-json\/wp\/v2\/comments?post=923"}],"version-history":[{"count":17,"href":"https:\/\/nksf2025.is\/da\/wp-json\/wp\/v2\/pages\/923\/revisions"}],"predecessor-version":[{"id":1417,"href":"https:\/\/nksf2025.is\/da\/wp-json\/wp\/v2\/pages\/923\/revisions\/1417"}],"wp:attachment":[{"href":"https:\/\/nksf2025.is\/da\/wp-json\/wp\/v2\/media?parent=923"}],"curies":[{"name":"wp","href":"https:\/\/api.w.org\/{rel}","templated":true}]}}